{"id":441,"date":"2025-03-23T10:05:36","date_gmt":"2025-03-23T10:05:36","guid":{"rendered":"https:\/\/ibbg.ch.hira.ch-meta.net\/impronta\/"},"modified":"2025-07-08T12:16:36","modified_gmt":"2025-07-08T12:16:36","slug":"impronta","status":"publish","type":"page","link":"https:\/\/ibbg.ch\/it\/impronta\/","title":{"rendered":"Impronta"},"content":{"rendered":"<div class=\"fusion-fullwidth fullwidth-box fusion-builder-row-1 fusion-flex-container has-pattern-background has-mask-background nonhundred-percent-fullwidth non-hundred-percent-height-scrolling\" style=\"--awb-border-radius-top-left:0px;--awb-border-radius-top-right:0px;--awb-border-radius-bottom-right:0px;--awb-border-radius-bottom-left:0px;--awb-flex-wrap:wrap;\" ><div class=\"fusion-builder-row fusion-row fusion-flex-align-items-flex-start fusion-flex-content-wrap\" style=\"max-width:1248px;margin-left: calc(-4% \/ 2 );margin-right: calc(-4% \/ 2 );\"><div class=\"fusion-layout-column fusion_builder_column fusion-builder-column-0 fusion_builder_column_1_1 1_1 fusion-flex-column\" style=\"--awb-bg-size:cover;--awb-width-large:100%;--awb-margin-top-large:0px;--awb-spacing-right-large:1.92%;--awb-margin-bottom-large:20px;--awb-spacing-left-large:1.92%;--awb-width-medium:100%;--awb-order-medium:0;--awb-spacing-right-medium:1.92%;--awb-spacing-left-medium:1.92%;--awb-width-small:100%;--awb-order-small:0;--awb-spacing-right-small:1.92%;--awb-spacing-left-small:1.92%;\"><div class=\"fusion-column-wrapper fusion-column-has-shadow fusion-flex-justify-content-flex-start fusion-content-layout-column\"><div class=\"fusion-title title fusion-title-1 fusion-sep-none fusion-title-text fusion-title-size-one\" style=\"--awb-margin-top-small:10px;--awb-margin-right-small:0px;--awb-margin-bottom-small:10px;--awb-margin-left-small:0px;\"><h1 class=\"fusion-title-heading title-heading-left\" style=\"margin:0;\"><h1>Impronta<\/h1><\/h1><\/div><div class=\"fusion-text fusion-text-1\"><p><strong>Indirizzo<\/strong><br \/>\nIBBG Interessengemeinschaft<br \/>\nBerufsbildung Bekleidungsgestalter\/in<br \/>\nAarauerstrasse 30 \/ Postfach 268<br \/>\n4601 Olten<br \/>\nTelefono +41 62 311 83 62<\/p>\n<p><strong>E-Mail<\/strong><br \/>\nsekretariat@ibbg.ch<\/p>\n<p><strong>Amministratore delegato<\/strong><br \/>\nGeorg Berger<\/p>\n<p><strong>Editore e responsabile dei contenuti del sito<\/strong><br \/>\nIBBG Interessengemeinschaft Berufsbildung Bekleidungsgestalter\/in<br \/>\nGeorg Berger<\/p>\n<p><strong>Concetto, testo e design<\/strong><br \/>\nIBBG Interessengemeinschaft Berufsbildung Bekleidungsgestalter\/in<br \/>\nGeorg Berger<\/p>\n<p><strong>Con il gentile supporto di:<\/strong><br \/>\nLaudatio Internet Services SEO-Emmental, <a href=\"https:\/\/seo-emmental.ch\" target=\"_blank\" rel=\"noopener\">www.seo-emmental.ch<\/a><\/p>\n<p><strong>Fonti dell&#8217;immagine<\/strong><br \/>\nIBBG Associazione di formazione professionale per disegnatori di abbigliamento<br \/>\nGeorg Berger<\/p>\n<p><strong>Esclusione di responsabilit\u00e0<\/strong><br \/>\nL&#8217;editore non si assume alcuna responsabilit\u00e0 per l&#8217;attualit\u00e0, la correttezza, la completezza e la qualit\u00e0 delle informazioni fornite. In nessun caso la casa editrice potr\u00e0 essere ritenuta responsabile per perdite o danni di natura materiale o immateriale derivanti da o in relazione all&#8217;utilizzo o al mancato utilizzo delle informazioni fornite o all&#8217;utilizzo di informazioni errate o incomplete. La casa editrice si riserva espressamente il diritto di modificare, cancellare o non pubblicare temporaneamente i contenuti, in tutto o in parte, in qualsiasi momento e senza preavviso.  <\/p>\n<p>L&#8217;editore non ha controllato i siti web di terzi, ovvero i siti web che non si trovano sui vostri server o nella vostra sfera di influenza, che possono essere collegati a questo sito web tramite link (collegamenti ipertestuali), e non si assume alcuna responsabilit\u00e0 per il loro contenuto, i prodotti, i servizi o altre offerte fornite su di essi.<\/p>\n<p><strong>Copyright<\/strong><br \/>\nL&#8217;intero contenuto e la struttura del sito web sono protetti da copyright. \u00c8 vietata la riproduzione completa o parziale, la trasmissione elettronica o con altri mezzi, la modifica o l&#8217;utilizzo a fini pubblici o commerciali senza il previo consenso scritto dell&#8217;editore. <\/p>\n<p><strong>Comunicazione via e-mail<\/strong><br \/>\nLa comunicazione via e-mail con l&#8217;editore \u00e8 attualmente aperta e non criptata. Non si pu\u00f2 quindi escludere che i dati inviati in questo modo possano essere visualizzati da terzi e che si possa risalire al contatto con la nostra istituzione. Inoltre, i dati possono circolare oltre confine, anche se il mittente e il destinatario si trovano nello stesso Paese. La discrezione non \u00e8 quindi garantita quando si comunica via e-mail.<\/p>\n<\/div><\/div><\/div><\/div><\/div>\n","protected":false},"excerpt":{"rendered":"","protected":false},"author":1,"featured_media":0,"parent":0,"menu_order":0,"comment_status":"closed","ping_status":"closed","template":"100-width.php","meta":{"footnotes":""},"class_list":["post-441","page","type-page","status-publish","hentry"],"_links":{"self":[{"href":"https:\/\/ibbg.ch\/it\/wp-json\/wp\/v2\/pages\/441","targetHints":{"allow":["GET"]}}],"collection":[{"href":"https:\/\/ibbg.ch\/it\/wp-json\/wp\/v2\/pages"}],"about":[{"href":"https:\/\/ibbg.ch\/it\/wp-json\/wp\/v2\/types\/page"}],"author":[{"embeddable":true,"href":"https:\/\/ibbg.ch\/it\/wp-json\/wp\/v2\/users\/1"}],"replies":[{"embeddable":true,"href":"https:\/\/ibbg.ch\/it\/wp-json\/wp\/v2\/comments?post=441"}],"version-history":[{"count":3,"href":"https:\/\/ibbg.ch\/it\/wp-json\/wp\/v2\/pages\/441\/revisions"}],"predecessor-version":[{"id":1384,"href":"https:\/\/ibbg.ch\/it\/wp-json\/wp\/v2\/pages\/441\/revisions\/1384"}],"wp:attachment":[{"href":"https:\/\/ibbg.ch\/it\/wp-json\/wp\/v2\/media?parent=441"}],"curies":[{"name":"wp","href":"https:\/\/api.w.org\/{rel}","templated":true}]}}