{"id":431,"date":"2025-03-23T09:57:12","date_gmt":"2025-03-23T09:57:12","guid":{"rendered":"https:\/\/ibbg.ch.hira.ch-meta.net\/progetti-di-mobilita\/"},"modified":"2026-01-27T11:22:33","modified_gmt":"2026-01-27T11:22:33","slug":"progetti-di-mobilita","status":"publish","type":"page","link":"https:\/\/ibbg.ch\/it\/progetti-di-mobilita\/","title":{"rendered":"Progetti di mobilit\u00e0"},"content":{"rendered":"<div class=\"fusion-fullwidth fullwidth-box fusion-builder-row-1 fusion-flex-container has-pattern-background has-mask-background hundred-percent-fullwidth non-hundred-percent-height-scrolling\" style=\"--awb-border-radius-top-left:0px;--awb-border-radius-top-right:0px;--awb-border-radius-bottom-right:0px;--awb-border-radius-bottom-left:0px;--awb-padding-right:5%;--awb-padding-left:5%;--awb-flex-wrap:wrap;\" ><div class=\"fusion-builder-row fusion-row fusion-flex-align-items-flex-start fusion-flex-content-wrap\" style=\"width:104% !important;max-width:104% !important;margin-left: calc(-4% \/ 2 );margin-right: calc(-4% \/ 2 );\"><div class=\"fusion-layout-column fusion_builder_column fusion-builder-column-0 fusion_builder_column_3_5 3_5 fusion-flex-column\" style=\"--awb-bg-size:cover;--awb-width-large:60%;--awb-margin-top-large:0px;--awb-spacing-right-large:3.2%;--awb-margin-bottom-large:20px;--awb-spacing-left-large:3.2%;--awb-width-medium:60%;--awb-order-medium:0;--awb-spacing-right-medium:3.2%;--awb-spacing-left-medium:3.2%;--awb-width-small:100%;--awb-order-small:0;--awb-spacing-right-small:1.92%;--awb-spacing-left-small:1.92%;\"><div class=\"fusion-column-wrapper fusion-column-has-shadow fusion-flex-justify-content-flex-start fusion-content-layout-column\"><div class=\"fusion-title title fusion-title-1 fusion-sep-none fusion-title-text fusion-title-size-one\" style=\"--awb-margin-top-small:10px;--awb-margin-right-small:0px;--awb-margin-bottom-small:10px;--awb-margin-left-small:0px;\"><h1 class=\"fusion-title-heading title-heading-left\" style=\"margin:0;\"><h1>Progetti di mobilit\u00e0<\/h1><\/h1><\/div><div class=\"fusion-builder-row fusion-builder-row-inner fusion-row fusion-flex-align-items-flex-start fusion-flex-content-wrap\" style=\"--awb-flex-grow:0;--awb-flex-grow-medium:0;--awb-flex-grow-small:0;--awb-flex-shrink:0;--awb-flex-shrink-medium:0;--awb-flex-shrink-small:0;width:104% !important;max-width:104% !important;margin-left: calc(-4% \/ 2 );margin-right: calc(-4% \/ 2 );\"><div class=\"fusion-layout-column fusion_builder_column_inner fusion-builder-nested-column-0 fusion_builder_column_inner_1_2 1_2 fusion-flex-column\" style=\"--awb-bg-size:cover;--awb-width-large:50%;--awb-margin-top-large:0px;--awb-spacing-right-large:3.84%;--awb-margin-bottom-large:20px;--awb-spacing-left-large:3.84%;--awb-width-medium:50%;--awb-order-medium:0;--awb-spacing-right-medium:3.84%;--awb-spacing-left-medium:3.84%;--awb-width-small:100%;--awb-order-small:0;--awb-spacing-right-small:1.92%;--awb-spacing-left-small:1.92%;\"><div class=\"fusion-column-wrapper fusion-column-has-shadow fusion-flex-justify-content-flex-start fusion-content-layout-column\"><div class=\"fusion-title title fusion-title-2 fusion-sep-none fusion-title-text fusion-title-size-one\" style=\"--awb-margin-top-small:10px;--awb-margin-right-small:0px;--awb-margin-bottom-small:10px;--awb-margin-left-small:0px;\"><h1 class=\"fusion-title-heading title-heading-left\" style=\"margin:0;\"><h2>Mobilit\u00e0 degli apprendisti \/ diplomati AFC<\/h2><\/h1><\/div><div class=\"fusion-image-element \" style=\"--awb-max-width:320px;--awb-caption-title-font-family:var(--h2_typography-font-family);--awb-caption-title-font-weight:var(--h2_typography-font-weight);--awb-caption-title-font-style:var(--h2_typography-font-style);--awb-caption-title-size:var(--h2_typography-font-size);--awb-caption-title-transform:var(--h2_typography-text-transform);--awb-caption-title-line-height:var(--h2_typography-line-height);--awb-caption-title-letter-spacing:var(--h2_typography-letter-spacing);\"><span class=\" fusion-imageframe imageframe-none imageframe-1 hover-type-none\"><img decoding=\"async\" width=\"300\" height=\"200\" alt=\"photo FashionInternational Profession\" title=\"photoFashionInternationalProfession\" src=\"https:\/\/ibbg.ch\/wp-content\/uploads\/2025\/04\/photoFashionInternationalProfession-300x200.jpg\" class=\"img-responsive wp-image-967\" srcset=\"https:\/\/ibbg.ch\/wp-content\/uploads\/2025\/04\/photoFashionInternationalProfession-200x133.jpg 200w, https:\/\/ibbg.ch\/wp-content\/uploads\/2025\/04\/photoFashionInternationalProfession-400x267.jpg 400w, https:\/\/ibbg.ch\/wp-content\/uploads\/2025\/04\/photoFashionInternationalProfession-600x400.jpg 600w, https:\/\/ibbg.ch\/wp-content\/uploads\/2025\/04\/photoFashionInternationalProfession.jpg 645w\" sizes=\"(max-width: 640px) 100vw, 600px\" \/><\/span><\/div><div class=\"fusion-title title fusion-title-3 fusion-sep-none fusion-title-text fusion-title-size-one\" style=\"--awb-margin-top-small:10px;--awb-margin-right-small:0px;--awb-margin-bottom-small:10px;--awb-margin-left-small:0px;\"><h1 class=\"fusion-title-heading title-heading-left\" style=\"margin:0;\"><h3>Fashion is an international profession<\/h3>\n<pre><strong>Informazioni<\/strong><\/pre>\n<p>Il progetto di mobilit\u00e0 con la destinazione Irlanda \u00e8 stato approvato e potr\u00e0 essere riproposto nel 2026.<\/p>\n<p>Termine di iscrizione 12 febbraio 2026 <a href=\"https:\/\/ibbg.ch\/wp-content\/uploads\/2026\/01\/IBBG-Anmeldeformular-2026-12-Wochen-DEU-.pdf\" target=\"_blank\" rel=\"noopener\">Modulo di iscrizione 2026 12 settimane D<\/a> <a href=\"https:\/\/ibbg.ch\/wp-content\/uploads\/2026\/01\/IBBG-Anmeldeformular-2026-4-Wochen-DEU-.pdf\" target=\"_blank\" rel=\"noopener\">Modulo di iscrizione 2026 4 settimane D<\/a><\/p>\n<p><a href=\"https:\/\/ibbg.ch\/wp-content\/uploads\/2026\/01\/IBBG-Praesentation-Irland-2026-D-und-E.pdf\" target=\"_blank\" rel=\"noopener\">Presentazione del programma Irlanda 2026 D e E<\/a><\/p><\/h1><\/div><\/div><\/div><div class=\"fusion-layout-column fusion_builder_column_inner fusion-builder-nested-column-1 fusion_builder_column_inner_1_2 1_2 fusion-flex-column\" style=\"--awb-bg-size:cover;--awb-width-large:50%;--awb-margin-top-large:0px;--awb-spacing-right-large:3.84%;--awb-margin-bottom-large:20px;--awb-spacing-left-large:3.84%;--awb-width-medium:50%;--awb-order-medium:0;--awb-spacing-right-medium:3.84%;--awb-spacing-left-medium:3.84%;--awb-width-small:100%;--awb-order-small:0;--awb-spacing-right-small:1.92%;--awb-spacing-left-small:1.92%;\"><div class=\"fusion-column-wrapper fusion-column-has-shadow fusion-flex-justify-content-flex-start fusion-content-layout-column\"><div class=\"fusion-title title fusion-title-4 fusion-sep-none fusion-title-text fusion-title-size-one\" style=\"--awb-margin-top-small:10px;--awb-margin-right-small:0px;--awb-margin-bottom-small:10px;--awb-margin-left-small:0px;\"><h1 class=\"fusion-title-heading title-heading-left\" style=\"margin:0;\"><h2>Altre mobilitazioni<\/h2><\/h1><\/div><div class=\"fusion-image-element \" style=\"--awb-max-width:320px;--awb-caption-title-font-family:var(--h2_typography-font-family);--awb-caption-title-font-weight:var(--h2_typography-font-weight);--awb-caption-title-font-style:var(--h2_typography-font-style);--awb-caption-title-size:var(--h2_typography-font-size);--awb-caption-title-transform:var(--h2_typography-text-transform);--awb-caption-title-line-height:var(--h2_typography-line-height);--awb-caption-title-letter-spacing:var(--h2_typography-letter-spacing);\"><span class=\" fusion-imageframe imageframe-none imageframe-2 hover-type-none\"><a class=\"fusion-no-lightbox\" href=\"https:\/\/ibbg.ch\/it\/progetti-di-mobilita-altre-mobilitazioni\/\" target=\"_self\" aria-label=\"Bild-obilit\u00e4t_51\"><img decoding=\"async\" width=\"300\" height=\"200\" alt=\"Bild Mobilit\u00e4t\" src=\"https:\/\/ibbg.ch\/wp-content\/uploads\/2025\/04\/Bild-obilitaet_51-300x200.jpg\" class=\"img-responsive wp-image-970\" srcset=\"https:\/\/ibbg.ch\/wp-content\/uploads\/2025\/04\/Bild-obilitaet_51-200x133.jpg 200w, https:\/\/ibbg.ch\/wp-content\/uploads\/2025\/04\/Bild-obilitaet_51-400x267.jpg 400w, https:\/\/ibbg.ch\/wp-content\/uploads\/2025\/04\/Bild-obilitaet_51.jpg 450w\" sizes=\"(max-width: 640px) 100vw, 300px\" \/><\/a><\/span><\/div><\/div><\/div><\/div><\/div><\/div><div class=\"fusion-layout-column fusion_builder_column fusion-builder-column-1 fusion_builder_column_2_5 2_5 fusion-flex-column\" style=\"--awb-bg-size:cover;--awb-width-large:40%;--awb-margin-top-large:0px;--awb-spacing-right-large:4.8%;--awb-margin-bottom-large:20px;--awb-spacing-left-large:4.8%;--awb-width-medium:40%;--awb-order-medium:0;--awb-spacing-right-medium:4.8%;--awb-spacing-left-medium:4.8%;--awb-width-small:100%;--awb-order-small:0;--awb-spacing-right-small:1.92%;--awb-spacing-left-small:1.92%;\"><div class=\"fusion-column-wrapper fusion-column-has-shadow fusion-flex-justify-content-flex-start fusion-content-layout-column\"><div class=\"fusion-title title fusion-title-5 fusion-sep-none fusion-title-text fusion-title-size-one\" style=\"--awb-margin-top-small:10px;--awb-margin-right-small:0px;--awb-margin-bottom-small:10px;--awb-margin-left-small:0px;\"><h1 class=\"fusion-title-heading title-heading-left\" style=\"margin:0;\"><h1>Partner dei progetti di mobilit\u00e0<\/h1><\/h1><\/div><div class=\"fusion-image-element \" style=\"--awb-max-width:320px;--awb-caption-title-font-family:var(--h2_typography-font-family);--awb-caption-title-font-weight:var(--h2_typography-font-weight);--awb-caption-title-font-style:var(--h2_typography-font-style);--awb-caption-title-size:var(--h2_typography-font-size);--awb-caption-title-transform:var(--h2_typography-text-transform);--awb-caption-title-line-height:var(--h2_typography-line-height);--awb-caption-title-letter-spacing:var(--h2_typography-letter-spacing);\"><span class=\" fusion-imageframe imageframe-none imageframe-3 hover-type-none\"><a class=\"fusion-no-lightbox\" href=\"https:\/\/movetia.ch\/it\/\" target=\"_blank\" aria-label=\"BildWeitereMobilitaeten1\" rel=\"noopener noreferrer\"><img decoding=\"async\" width=\"300\" height=\"199\" alt=\"Partner dei progetti di mobilit\u00e0\" src=\"https:\/\/ibbg.ch\/wp-content\/uploads\/2025\/04\/BildWeitereMobilitaeten1-300x199.png\" class=\"img-responsive wp-image-973\" srcset=\"https:\/\/ibbg.ch\/wp-content\/uploads\/2025\/04\/BildWeitereMobilitaeten1-200x133.png 200w, https:\/\/ibbg.ch\/wp-content\/uploads\/2025\/04\/BildWeitereMobilitaeten1.png 310w\" sizes=\"(max-width: 640px) 100vw, 300px\" \/><\/a><\/span><\/div><div class=\"fusion-separator fusion-full-width-sep\" style=\"align-self: center;margin-left: auto;margin-right: auto;margin-top:20px;margin-bottom:20px;width:100%;max-width:100%;\"><\/div><div class=\"fusion-image-element \" style=\"--awb-caption-title-font-family:var(--h2_typography-font-family);--awb-caption-title-font-weight:var(--h2_typography-font-weight);--awb-caption-title-font-style:var(--h2_typography-font-style);--awb-caption-title-size:var(--h2_typography-font-size);--awb-caption-title-transform:var(--h2_typography-text-transform);--awb-caption-title-line-height:var(--h2_typography-line-height);--awb-caption-title-letter-spacing:var(--h2_typography-letter-spacing);\"><span class=\" fusion-imageframe imageframe-none imageframe-4 hover-type-none\"><a class=\"fusion-no-lightbox\" href=\"https:\/\/www.nezarwanda.com\/\" target=\"_self\" aria-label=\"NEZA-RWANDA\"><img decoding=\"async\" width=\"206\" height=\"206\" alt=\"Logo NEZA RWANDA\" src=\"https:\/\/ibbg.ch\/wp-content\/uploads\/2025\/04\/NEZA-RWANDA.png\" class=\"img-responsive wp-image-976\" srcset=\"https:\/\/ibbg.ch\/wp-content\/uploads\/2025\/04\/NEZA-RWANDA-200x200.png 200w, https:\/\/ibbg.ch\/wp-content\/uploads\/2025\/04\/NEZA-RWANDA.png 206w\" sizes=\"(max-width: 640px) 100vw, 206px\" \/><\/a><\/span><\/div><\/div><\/div><\/div><\/div>\n","protected":false},"excerpt":{"rendered":"","protected":false},"author":1,"featured_media":0,"parent":0,"menu_order":0,"comment_status":"closed","ping_status":"closed","template":"100-width.php","meta":{"footnotes":""},"class_list":["post-431","page","type-page","status-publish","hentry"],"_links":{"self":[{"href":"https:\/\/ibbg.ch\/it\/wp-json\/wp\/v2\/pages\/431","targetHints":{"allow":["GET"]}}],"collection":[{"href":"https:\/\/ibbg.ch\/it\/wp-json\/wp\/v2\/pages"}],"about":[{"href":"https:\/\/ibbg.ch\/it\/wp-json\/wp\/v2\/types\/page"}],"author":[{"embeddable":true,"href":"https:\/\/ibbg.ch\/it\/wp-json\/wp\/v2\/users\/1"}],"replies":[{"embeddable":true,"href":"https:\/\/ibbg.ch\/it\/wp-json\/wp\/v2\/comments?post=431"}],"version-history":[{"count":20,"href":"https:\/\/ibbg.ch\/it\/wp-json\/wp\/v2\/pages\/431\/revisions"}],"predecessor-version":[{"id":2008,"href":"https:\/\/ibbg.ch\/it\/wp-json\/wp\/v2\/pages\/431\/revisions\/2008"}],"wp:attachment":[{"href":"https:\/\/ibbg.ch\/it\/wp-json\/wp\/v2\/media?parent=431"}],"curies":[{"name":"wp","href":"https:\/\/api.w.org\/{rel}","templated":true}]}}