{"id":418,"date":"2025-03-23T09:52:06","date_gmt":"2025-03-23T09:52:06","guid":{"rendered":"https:\/\/ibbg.ch.hira.ch-meta.net\/esame-professionale\/"},"modified":"2025-07-18T12:59:17","modified_gmt":"2025-07-18T12:59:17","slug":"esame-professionale","status":"publish","type":"page","link":"https:\/\/ibbg.ch\/it\/esame-professionale\/","title":{"rendered":"Esame professionale"},"content":{"rendered":"<div class=\"fusion-fullwidth fullwidth-box fusion-builder-row-1 fusion-flex-container has-pattern-background has-mask-background hundred-percent-fullwidth non-hundred-percent-height-scrolling\" style=\"--awb-border-radius-top-left:0px;--awb-border-radius-top-right:0px;--awb-border-radius-bottom-right:0px;--awb-border-radius-bottom-left:0px;--awb-padding-right:5%;--awb-padding-left:5%;--awb-flex-wrap:wrap;\" ><div class=\"fusion-builder-row fusion-row fusion-flex-align-items-flex-start fusion-flex-content-wrap\" style=\"width:104% !important;max-width:104% !important;margin-left: calc(-4% \/ 2 );margin-right: calc(-4% \/ 2 );\"><div class=\"fusion-layout-column fusion_builder_column fusion-builder-column-0 fusion_builder_column_1_1 1_1 fusion-flex-column\" style=\"--awb-bg-size:cover;--awb-width-large:100%;--awb-margin-top-large:0px;--awb-spacing-right-large:1.92%;--awb-margin-bottom-large:20px;--awb-spacing-left-large:1.92%;--awb-width-medium:100%;--awb-order-medium:0;--awb-spacing-right-medium:1.92%;--awb-spacing-left-medium:1.92%;--awb-width-small:100%;--awb-order-small:0;--awb-spacing-right-small:1.92%;--awb-spacing-left-small:1.92%;\"><div class=\"fusion-column-wrapper fusion-column-has-shadow fusion-flex-justify-content-flex-start fusion-content-layout-column\"><div class=\"fusion-blog-shortcode fusion-blog-shortcode-1 fusion-blog-archive fusion-blog-layout-large fusion-blog-no fusion-blog-no-images\" style=\"--awb-title-font-size:var(--awb-typography5-font-size);--awb-title-line-height:var(--awb-typography5-line-height);--awb-title-letter-spacing:var(--awb-typography5-letter-spacing);--awb-title-text-transform:var(--awb-typography5-text-transform);--awb-title-font-family:-apple-system, BlinkMacSystemFont, &#039;Segoe UI&#039;, Roboto, Oxygen-Sans, Ubuntu, Cantarell, &#039;Helvetica Neue&#039; ,sans-serif;--awb-title-font-style:normal;--awb-title-font-weight:400;\"><div class=\"fusion-posts-container fusion-posts-container-no fusion-no-meta-info\" data-pages=\"1\"><article id=\"blog-1-post-1548\" class=\"fusion-post-large post-1548 post type-post status-publish format-standard hentry category-notizie-sugli-esami-professionali tag-pubblicazione-dellesame-di-professione-2026\">\n<div class=\"fusion-post-content post-content\"><div class=\"fusion-post-content-container\"><div class=\"fusion-fullwidth fullwidth-box fusion-builder-row-1-1 fusion-flex-container has-pattern-background has-mask-background nonhundred-percent-fullwidth non-hundred-percent-height-scrolling\" style=\"--awb-border-radius-top-left:0px;--awb-border-radius-top-right:0px;--awb-border-radius-bottom-right:0px;--awb-border-radius-bottom-left:0px;--awb-flex-wrap:wrap;\" ><div class=\"fusion-builder-row fusion-row fusion-flex-align-items-flex-start fusion-flex-content-wrap\" style=\"width:104% !important;max-width:104% !important;margin-left: calc(-4% \/ 2 );margin-right: calc(-4% \/ 2 );\"><div class=\"fusion-layout-column fusion_builder_column fusion-builder-column-1 fusion_builder_column_1_1 1_1 fusion-flex-column\" style=\"--awb-bg-size:cover;--awb-width-large:100%;--awb-flex-grow:0;--awb-flex-shrink:0;--awb-margin-top-large:0px;--awb-spacing-right-large:1.92%;--awb-margin-bottom-large:20px;--awb-spacing-left-large:1.92%;--awb-width-medium:100%;--awb-order-medium:0;--awb-flex-grow-medium:0;--awb-flex-shrink-medium:0;--awb-spacing-right-medium:1.92%;--awb-spacing-left-medium:1.92%;--awb-width-small:100%;--awb-order-small:0;--awb-flex-grow-small:0;--awb-flex-shrink-small:0;--awb-spacing-right-small:1.92%;--awb-spacing-left-small:1.92%;\"><div class=\"fusion-column-wrapper fusion-column-has-shadow fusion-flex-justify-content-flex-start fusion-content-layout-column\"><div class=\"fusion-text fusion-text-1\"><h2><strong>Iscrizione all&#8217;esame professionale 2026<\/strong><\/h2>\n<p><strong>per Stilista di Abbigliamento<\/strong><br \/>\nin conformit\u00e0 con il regolamento d&#8217;esame del 25\/05\/2022 e le linee guida del 01\/07\/2022.<br \/>\n<a href=\"https:\/\/ibbg.ch\/wp-content\/uploads\/2025\/07\/Berufspr%C3%BCfung%202026\/Ausschreibung_Publication_Pubblicazione_BP%202026.pdf\" target=\"_blank\" rel=\"noopener\">Puoi trovare il documento qui.<\/a><\/p>\n<p><a href=\"https:\/\/ibbg.ch\/wp-content\/uploads\/2025\/07\/Berufspr%C3%BCfung%202026\/Iscrizione_EP%202026.pdf\" target=\"_blank\" rel=\"noopener\">Puoi trovare il modulo di registrazione qui!<\/a><\/p>\n<\/div><\/div><\/div><\/div><\/div>\n<\/div><\/div><div class=\"fusion-clearfix\"><\/div><\/article>\n<\/div><\/div><div class=\"fusion-separator\" style=\"align-self: center;margin-left: auto;margin-right: auto;margin-top:10px;margin-bottom:10px;width:100%;max-width:90%;\"><div class=\"fusion-separator-border sep-single sep-solid\" style=\"--awb-height:20px;--awb-amount:20px;--awb-sep-color:var(--awb-custom_color_1);border-color:var(--awb-custom_color_1);border-top-width:1px;\"><\/div><\/div><div class=\"fusion-title title fusion-title-1 fusion-sep-none fusion-title-text fusion-title-size-one\" style=\"--awb-margin-top-small:10px;--awb-margin-right-small:0px;--awb-margin-bottom-small:10px;--awb-margin-left-small:0px;\"><h1 class=\"fusion-title-heading title-heading-left\" style=\"margin:0;\"><h1>Esame-di-professione<\/h1><\/h1><\/div><div class=\"fusion-text fusion-text-2\"><p>Obiettivo del&#8217;esame federale di professione \u00e8 stabilire se i candidati hanno le competenze necessaire per l&#8217;esercizio di un&#8217;attivit\u00e0 professionale compelessa e e che comporta un elevato grado di responsabilit\u00e0.<\/p>\n<p><strong>I creatori <\/strong>d&#8217;abbigliamento con attestato professionale federale sono specializzati nella produzione di capi su misura e tengono conto delle esigenze e dei requisiti dei singoli capi. Svolgono attivit\u00e0 quali consulenza, ricerca, analisi delle tendenze, design, visualizzazione, preventivazione, planificazione del lavoro e produzione di capi di alta qualit\u00e0. I creatori d&#8217;abbigliamento con attestato professionale federale lavorano negli atelier di couture e nei negozi specializzati per la produzione di capi su misura, nelle sartorie teatrali e negli atelier dove si producono costumi tradizionali e pellicce. A volte possono lavorare nel commercio e nel&#8217;industria dell&#8217;abbigliamento. Svolgono una funzione manageriale o di supporto alla direzione. Svolgono attivit\u00e0 come consulenza, ricerca, analisi delle tendenze, design, visualizzazione, calcolo dei costi, pianificazione del lavoro e produzione di capi di alta qualit\u00e0.  <\/p>\n<p>Stilisti di abbigliamento con diploma federale. I sarti qualificati lavorano negli atelier di alta moda e nei negozi specializzati in abiti individuali, nelle sartorie teatrali e negli atelier per i costumi tradizionali o gli abiti in pelliccia. \u00c8 anche possibile lavorare nel commercio e nell&#8217;industria dell&#8217;abbigliamento. Svolgono una funzione manageriale o supportano il management.   <\/p>\n<p><a href=\"https:\/\/ibbg.ch\/wp-content\/uploads\/2025\/oeffDokumente\/IT\/Weiterbildung-Berufsp%C3%BCfung\/po%2020220525%20bp%20bekl.gest.%20ital..pdf\" target=\"_blank\" rel=\"noopener\">Regolamento d&#8217;esame BP 20220525<\/a><br \/>\n<a href=\"https:\/\/ibbg.ch\/wp-content\/uploads\/2025\/oeffDokumente\/IT\/Weiterbildung-Berufsp%C3%BCfung\/Direttive_EP.pdf\" target=\"_blank\" rel=\"noopener\">Linee guida della BP<\/a><br \/>\n<a href=\"https:\/\/ibbg.ch\/wp-content\/uploads\/2025\/oeffDokumente\/IT\/Weiterbildung-Berufsp%C3%BCfung\/Esame%20di%20professione_STF_15032023.pdf\" target=\"_blank\" rel=\"noopener\">Informazioni BP STF<\/a><\/p>\n<p><a href=\"https:\/\/www.stf.ch\/kurse\/bp-bekleidungsgestalter\/\" target=\"_blank\" rel=\"noopener\">Informazioni sul corso di preparazione<\/a><\/p>\n<\/div><\/div><\/div><\/div><\/div>\n","protected":false},"excerpt":{"rendered":"","protected":false},"author":1,"featured_media":0,"parent":0,"menu_order":0,"comment_status":"closed","ping_status":"closed","template":"100-width.php","meta":{"footnotes":""},"class_list":["post-418","page","type-page","status-publish","hentry"],"_links":{"self":[{"href":"https:\/\/ibbg.ch\/it\/wp-json\/wp\/v2\/pages\/418","targetHints":{"allow":["GET"]}}],"collection":[{"href":"https:\/\/ibbg.ch\/it\/wp-json\/wp\/v2\/pages"}],"about":[{"href":"https:\/\/ibbg.ch\/it\/wp-json\/wp\/v2\/types\/page"}],"author":[{"embeddable":true,"href":"https:\/\/ibbg.ch\/it\/wp-json\/wp\/v2\/users\/1"}],"replies":[{"embeddable":true,"href":"https:\/\/ibbg.ch\/it\/wp-json\/wp\/v2\/comments?post=418"}],"version-history":[{"count":9,"href":"https:\/\/ibbg.ch\/it\/wp-json\/wp\/v2\/pages\/418\/revisions"}],"predecessor-version":[{"id":1570,"href":"https:\/\/ibbg.ch\/it\/wp-json\/wp\/v2\/pages\/418\/revisions\/1570"}],"wp:attachment":[{"href":"https:\/\/ibbg.ch\/it\/wp-json\/wp\/v2\/media?parent=418"}],"curies":[{"name":"wp","href":"https:\/\/api.w.org\/{rel}","templated":true}]}}