{"id":344,"date":"2025-03-23T09:04:53","date_gmt":"2025-03-23T09:04:53","guid":{"rendered":"https:\/\/ibbg.ch.hira.ch-meta.net\/comitato\/"},"modified":"2026-03-25T16:30:53","modified_gmt":"2026-03-25T16:30:53","slug":"comitato","status":"publish","type":"page","link":"https:\/\/ibbg.ch\/it\/comitato\/","title":{"rendered":"Comitato"},"content":{"rendered":"<div class=\"fusion-fullwidth fullwidth-box fusion-builder-row-1 fusion-flex-container has-pattern-background has-mask-background hundred-percent-fullwidth non-hundred-percent-height-scrolling\" style=\"--awb-border-radius-top-left:0px;--awb-border-radius-top-right:0px;--awb-border-radius-bottom-right:0px;--awb-border-radius-bottom-left:0px;--awb-padding-right:5%;--awb-padding-left:5%;--awb-flex-wrap:wrap;\" ><div class=\"fusion-builder-row fusion-row fusion-flex-align-items-flex-start fusion-flex-content-wrap\" style=\"width:104% !important;max-width:104% !important;margin-left: calc(-4% \/ 2 );margin-right: calc(-4% \/ 2 );\"><div class=\"fusion-layout-column fusion_builder_column fusion-builder-column-0 fusion_builder_column_1_1 1_1 fusion-flex-column\" style=\"--awb-bg-size:cover;--awb-width-large:100%;--awb-margin-top-large:0px;--awb-spacing-right-large:1.92%;--awb-margin-bottom-large:20px;--awb-spacing-left-large:1.92%;--awb-width-medium:100%;--awb-order-medium:0;--awb-spacing-right-medium:1.92%;--awb-spacing-left-medium:1.92%;--awb-width-small:100%;--awb-order-small:0;--awb-spacing-right-small:1.92%;--awb-spacing-left-small:1.92%;\"><div class=\"fusion-column-wrapper fusion-column-has-shadow fusion-flex-justify-content-flex-start fusion-content-layout-column\"><div class=\"fusion-title title fusion-title-1 fusion-sep-none fusion-title-text fusion-title-size-one\" style=\"--awb-margin-top-small:10px;--awb-margin-right-small:0px;--awb-margin-bottom-small:10px;--awb-margin-left-small:0px;\"><h1 class=\"fusion-title-heading title-heading-left\" style=\"margin:0;\"><h1>Comitato<\/h1><\/h1><\/div><\/div><\/div><div class=\"fusion-layout-column fusion_builder_column fusion-builder-column-1 fusion_builder_column_1_3 1_3 fusion-flex-column\" style=\"--awb-bg-size:cover;--awb-width-large:33.333333333333%;--awb-margin-top-large:0px;--awb-spacing-right-large:5.76%;--awb-margin-bottom-large:20px;--awb-spacing-left-large:5.76%;--awb-width-medium:33.333333333333%;--awb-order-medium:0;--awb-spacing-right-medium:5.76%;--awb-spacing-left-medium:5.76%;--awb-width-small:100%;--awb-order-small:0;--awb-spacing-right-small:1.92%;--awb-spacing-left-small:1.92%;\"><div class=\"fusion-column-wrapper fusion-column-has-shadow fusion-flex-justify-content-flex-start fusion-content-layout-column\"><div class=\"fusion-text fusion-text-1\"><p><strong>SDK<\/strong><br \/>\n<strong>Presidente<\/strong><br \/>\nZindel Karin<br \/>\nBerufsfachschule Basel, Kohlenberggasse 10<br \/>\n4001 Basel<\/p>\n<\/div><div class=\"fusion-builder-row fusion-builder-row-inner fusion-row fusion-flex-align-items-flex-start fusion-flex-content-wrap\" style=\"--awb-flex-grow:0;--awb-flex-grow-medium:0;--awb-flex-grow-small:0;--awb-flex-shrink:0;--awb-flex-shrink-medium:0;--awb-flex-shrink-small:0;width:104% !important;max-width:104% !important;margin-left: calc(-4% \/ 2 );margin-right: calc(-4% \/ 2 );\"><div class=\"fusion-layout-column fusion_builder_column_inner fusion-builder-nested-column-0 fusion-flex-column\" style=\"--awb-bg-size:cover;--awb-width-large:6%;--awb-margin-top-large:0px;--awb-spacing-right-large:32%;--awb-margin-bottom-large:20px;--awb-spacing-left-large:32%;--awb-width-medium:6%;--awb-order-medium:0;--awb-spacing-right-medium:32%;--awb-spacing-left-medium:32%;--awb-width-small:100%;--awb-order-small:0;--awb-spacing-right-small:1.92%;--awb-spacing-left-small:1.92%;\" data-scroll-devices=\"small-visibility,medium-visibility,large-visibility\"><div class=\"fusion-column-wrapper fusion-column-has-shadow fusion-flex-justify-content-flex-start fusion-content-layout-column\"><i class=\"fb-icon-element-1 fb-icon-element fontawesome-icon fa-phone fas circle-yes fa-flip-horizontal\" style=\"--awb-circlebordersize:0px;--awb-font-size:17.6px;--awb-width:35.2px;--awb-height:35.2px;--awb-line-height:35.2px;--awb-margin-top:0;--awb-margin-right:0;--awb-margin-bottom:0;--awb-margin-left:0;--awb-align-self:center;\"><\/i><\/div><\/div><div class=\"fusion-layout-column fusion_builder_column_inner fusion-builder-nested-column-1 fusion-flex-column\" style=\"--awb-bg-size:cover;--awb-width-large:94%;--awb-margin-top-large:0px;--awb-spacing-right-large:2.0425531914894%;--awb-margin-bottom-large:20px;--awb-spacing-left-large:2.0425531914894%;--awb-width-medium:94%;--awb-order-medium:0;--awb-spacing-right-medium:2.0425531914894%;--awb-spacing-left-medium:2.0425531914894%;--awb-width-small:100%;--awb-order-small:0;--awb-spacing-right-small:1.92%;--awb-spacing-left-small:1.92%;\" data-scroll-devices=\"small-visibility,medium-visibility,large-visibility\"><div class=\"fusion-column-wrapper fusion-column-has-shadow fusion-flex-justify-content-flex-start fusion-content-layout-column\"><div class=\"fusion-text fusion-text-2\" style=\"--awb-content-alignment:left;\"><p>061 267 55 02<\/p>\n<\/div><a class=\"fb-icon-element-2 fb-icon-element fontawesome-icon fa-envelope fas circle-yes fusion-text-flow fusion-link\" style=\"--awb-circlebordersize:0px;--awb-font-size:17.6px;--awb-width:35.2px;--awb-height:35.2px;--awb-line-height:35.2px;--awb-margin-right:10px;\" href=\"mailto:karin.zindel@bs.ch\" target=\"_self\" aria-label=\"Link to mailto:karin.zindel@bs.ch\"><\/a><\/div><\/div><\/div><\/div><\/div><div class=\"fusion-layout-column fusion_builder_column fusion-builder-column-2 fusion_builder_column_1_3 1_3 fusion-flex-column\" style=\"--awb-bg-size:cover;--awb-width-large:33.333333333333%;--awb-margin-top-large:0px;--awb-spacing-right-large:5.76%;--awb-margin-bottom-large:20px;--awb-spacing-left-large:5.76%;--awb-width-medium:33.333333333333%;--awb-order-medium:0;--awb-spacing-right-medium:5.76%;--awb-spacing-left-medium:5.76%;--awb-width-small:100%;--awb-order-small:0;--awb-spacing-right-small:1.92%;--awb-spacing-left-small:1.92%;\"><div class=\"fusion-column-wrapper fusion-column-has-shadow fusion-flex-justify-content-flex-start fusion-content-layout-column\"><div class=\"fusion-text fusion-text-3\"><p><strong>Ticinomoda<\/strong><br \/>\n<strong>Vicepresidente<\/strong><br \/>\nFasol Rino<br \/>\nCorso Elvezia 16<br \/>\n6900 Lugano<\/p>\n<\/div><div class=\"fusion-builder-row fusion-builder-row-inner fusion-row fusion-flex-align-items-flex-start fusion-flex-content-wrap\" style=\"--awb-flex-grow:0;--awb-flex-grow-medium:0;--awb-flex-grow-small:0;--awb-flex-shrink:0;--awb-flex-shrink-medium:0;--awb-flex-shrink-small:0;width:104% !important;max-width:104% !important;margin-left: calc(-4% \/ 2 );margin-right: calc(-4% \/ 2 );\"><div class=\"fusion-layout-column fusion_builder_column_inner fusion-builder-nested-column-2 fusion-flex-column\" style=\"--awb-bg-size:cover;--awb-width-large:6%;--awb-margin-top-large:0px;--awb-spacing-right-large:32%;--awb-margin-bottom-large:20px;--awb-spacing-left-large:32%;--awb-width-medium:6%;--awb-order-medium:0;--awb-spacing-right-medium:32%;--awb-spacing-left-medium:32%;--awb-width-small:100%;--awb-order-small:0;--awb-spacing-right-small:1.92%;--awb-spacing-left-small:1.92%;\" data-scroll-devices=\"small-visibility,medium-visibility,large-visibility\"><div class=\"fusion-column-wrapper fusion-column-has-shadow fusion-flex-justify-content-flex-start fusion-content-layout-column\"><\/div><\/div><div class=\"fusion-layout-column fusion_builder_column_inner fusion-builder-nested-column-3 fusion-flex-column\" style=\"--awb-bg-size:cover;--awb-width-large:94%;--awb-margin-top-large:0px;--awb-spacing-right-large:2.0425531914894%;--awb-margin-bottom-large:20px;--awb-spacing-left-large:2.0425531914894%;--awb-width-medium:94%;--awb-order-medium:0;--awb-spacing-right-medium:2.0425531914894%;--awb-spacing-left-medium:2.0425531914894%;--awb-width-small:100%;--awb-order-small:0;--awb-spacing-right-small:1.92%;--awb-spacing-left-small:1.92%;\" data-scroll-devices=\"small-visibility,medium-visibility,large-visibility\"><div class=\"fusion-column-wrapper fusion-column-has-shadow fusion-flex-justify-content-flex-start fusion-content-layout-column\"><a class=\"fb-icon-element-3 fb-icon-element fontawesome-icon fa-envelope fas circle-yes fusion-text-flow fusion-link\" style=\"--awb-circlebordersize:0px;--awb-font-size:17.6px;--awb-width:35.2px;--awb-height:35.2px;--awb-line-height:35.2px;--awb-margin-right:10px;\" href=\"mailto:info@ticinomoda.ch\" target=\"_self\" aria-label=\"Link to mailto:info@ticinomoda.ch\"><\/a><\/div><\/div><\/div><\/div><\/div><div class=\"fusion-layout-column fusion_builder_column fusion-builder-column-3 fusion_builder_column_1_3 1_3 fusion-flex-column\" style=\"--awb-bg-size:cover;--awb-width-large:33.333333333333%;--awb-margin-top-large:0px;--awb-spacing-right-large:5.76%;--awb-margin-bottom-large:20px;--awb-spacing-left-large:5.76%;--awb-width-medium:33.333333333333%;--awb-order-medium:0;--awb-spacing-right-medium:5.76%;--awb-spacing-left-medium:5.76%;--awb-width-small:100%;--awb-order-small:0;--awb-spacing-right-small:1.92%;--awb-spacing-left-small:1.92%;\"><div class=\"fusion-column-wrapper fusion-column-has-shadow fusion-flex-justify-content-flex-start fusion-content-layout-column\"><div class=\"fusion-text fusion-text-4\"><p><strong>Amministratore delegato<\/strong><br \/>\nH\u00fcter Ben<br \/>\nStrandweg 39<br \/>\n3084 Wabern<\/p>\n<\/div><div class=\"fusion-builder-row fusion-builder-row-inner fusion-row fusion-flex-align-items-flex-start fusion-flex-content-wrap\" style=\"--awb-flex-grow:0;--awb-flex-grow-medium:0;--awb-flex-grow-small:0;--awb-flex-shrink:0;--awb-flex-shrink-medium:0;--awb-flex-shrink-small:0;width:104% !important;max-width:104% !important;margin-left: calc(-4% \/ 2 );margin-right: calc(-4% \/ 2 );\"><div class=\"fusion-layout-column fusion_builder_column_inner fusion-builder-nested-column-4 fusion-flex-column\" style=\"--awb-bg-size:cover;--awb-width-large:6%;--awb-margin-top-large:0px;--awb-spacing-right-large:32%;--awb-margin-bottom-large:20px;--awb-spacing-left-large:32%;--awb-width-medium:6%;--awb-order-medium:0;--awb-spacing-right-medium:32%;--awb-spacing-left-medium:32%;--awb-width-small:100%;--awb-order-small:0;--awb-spacing-right-small:1.92%;--awb-spacing-left-small:1.92%;\" data-scroll-devices=\"small-visibility,medium-visibility,large-visibility\"><div class=\"fusion-column-wrapper fusion-column-has-shadow fusion-flex-justify-content-flex-start fusion-content-layout-column\"><i class=\"fb-icon-element-4 fb-icon-element fontawesome-icon fa-phone fas circle-yes fa-flip-horizontal\" style=\"--awb-circlebordersize:0px;--awb-font-size:17.6px;--awb-width:35.2px;--awb-height:35.2px;--awb-line-height:35.2px;--awb-margin-top:0;--awb-margin-right:0;--awb-margin-bottom:0;--awb-margin-left:0;--awb-align-self:center;\"><\/i><\/div><\/div><div class=\"fusion-layout-column fusion_builder_column_inner fusion-builder-nested-column-5 fusion-flex-column\" style=\"--awb-bg-size:cover;--awb-width-large:94%;--awb-margin-top-large:0px;--awb-spacing-right-large:2.0425531914894%;--awb-margin-bottom-large:20px;--awb-spacing-left-large:2.0425531914894%;--awb-width-medium:94%;--awb-order-medium:0;--awb-spacing-right-medium:2.0425531914894%;--awb-spacing-left-medium:2.0425531914894%;--awb-width-small:100%;--awb-order-small:0;--awb-spacing-right-small:1.92%;--awb-spacing-left-small:1.92%;\" data-scroll-devices=\"small-visibility,medium-visibility,large-visibility\"><div class=\"fusion-column-wrapper fusion-column-has-shadow fusion-flex-justify-content-flex-start fusion-content-layout-column\"><div class=\"fusion-text fusion-text-5\" style=\"--awb-content-alignment:left;\"><p>079 517 40 40<\/p>\n<\/div><a class=\"fb-icon-element-5 fb-icon-element fontawesome-icon fa-envelope fas circle-yes fusion-text-flow fusion-link\" style=\"--awb-circlebordersize:0px;--awb-font-size:17.6px;--awb-width:35.2px;--awb-height:35.2px;--awb-line-height:35.2px;--awb-margin-right:10px;\" href=\"mailto:ben.hueter@ibbg.ch\" target=\"_self\" aria-label=\"Link to mailto:ben.hueter@ibbg.ch\"><\/a><\/div><\/div><\/div><\/div><\/div><div class=\"fusion-layout-column fusion_builder_column fusion-builder-column-4 fusion_builder_column_1_3 1_3 fusion-flex-column\" style=\"--awb-bg-size:cover;--awb-width-large:33.333333333333%;--awb-margin-top-large:0px;--awb-spacing-right-large:5.76%;--awb-margin-bottom-large:20px;--awb-spacing-left-large:5.76%;--awb-width-medium:33.333333333333%;--awb-order-medium:0;--awb-spacing-right-medium:5.76%;--awb-spacing-left-medium:5.76%;--awb-width-small:100%;--awb-order-small:0;--awb-spacing-right-small:1.92%;--awb-spacing-left-small:1.92%;\"><div class=\"fusion-column-wrapper fusion-column-has-shadow fusion-flex-justify-content-flex-start fusion-content-layout-column\"><div class=\"fusion-text fusion-text-6\"><p><strong>SWISSMODE<\/strong><br \/>\n<strong>Membro<\/strong><br \/>\nReininger Pablo<br \/>\nSegreteria IBBG, Aarauerstrasse 30<br \/>\n4601 Olten<\/p>\n<\/div><div class=\"fusion-builder-row fusion-builder-row-inner fusion-row fusion-flex-align-items-flex-start fusion-flex-content-wrap\" style=\"--awb-flex-grow:0;--awb-flex-grow-medium:0;--awb-flex-grow-small:0;--awb-flex-shrink:0;--awb-flex-shrink-medium:0;--awb-flex-shrink-small:0;width:104% !important;max-width:104% !important;margin-left: calc(-4% \/ 2 );margin-right: calc(-4% \/ 2 );\"><div class=\"fusion-layout-column fusion_builder_column_inner fusion-builder-nested-column-6 fusion-flex-column\" style=\"--awb-bg-size:cover;--awb-width-large:6%;--awb-margin-top-large:0px;--awb-spacing-right-large:32%;--awb-margin-bottom-large:20px;--awb-spacing-left-large:32%;--awb-width-medium:6%;--awb-order-medium:0;--awb-spacing-right-medium:32%;--awb-spacing-left-medium:32%;--awb-width-small:100%;--awb-order-small:0;--awb-spacing-right-small:1.92%;--awb-spacing-left-small:1.92%;\" data-scroll-devices=\"small-visibility,medium-visibility,large-visibility\"><div class=\"fusion-column-wrapper fusion-column-has-shadow fusion-flex-justify-content-flex-start fusion-content-layout-column\"><i class=\"fb-icon-element-6 fb-icon-element fontawesome-icon fa-phone fas circle-yes fa-flip-horizontal\" style=\"--awb-circlebordersize:0px;--awb-font-size:17.6px;--awb-width:35.2px;--awb-height:35.2px;--awb-line-height:35.2px;--awb-margin-top:0;--awb-margin-right:0;--awb-margin-bottom:0;--awb-margin-left:0;--awb-align-self:center;\"><\/i><\/div><\/div><div class=\"fusion-layout-column fusion_builder_column_inner fusion-builder-nested-column-7 fusion-flex-column\" style=\"--awb-bg-size:cover;--awb-width-large:94%;--awb-margin-top-large:0px;--awb-spacing-right-large:2.0425531914894%;--awb-margin-bottom-large:20px;--awb-spacing-left-large:2.0425531914894%;--awb-width-medium:94%;--awb-order-medium:0;--awb-spacing-right-medium:2.0425531914894%;--awb-spacing-left-medium:2.0425531914894%;--awb-width-small:100%;--awb-order-small:0;--awb-spacing-right-small:1.92%;--awb-spacing-left-small:1.92%;\" data-scroll-devices=\"small-visibility,medium-visibility,large-visibility\"><div class=\"fusion-column-wrapper fusion-column-has-shadow fusion-flex-justify-content-flex-start fusion-content-layout-column\"><div class=\"fusion-text fusion-text-7\" style=\"--awb-content-alignment:left;\"><p>044 252 32 20<\/p>\n<\/div><a class=\"fb-icon-element-7 fb-icon-element fontawesome-icon fa-envelope fas circle-yes fusion-text-flow fusion-link\" style=\"--awb-circlebordersize:0px;--awb-font-size:17.6px;--awb-width:35.2px;--awb-height:35.2px;--awb-line-height:35.2px;--awb-margin-right:10px;\" href=\"mailto:pablo.reininger@swissmode.org\" target=\"_self\" aria-label=\"Link to mailto:pablo.reininger@swissmode.org\"><\/a><\/div><\/div><\/div><\/div><\/div><div class=\"fusion-layout-column fusion_builder_column fusion-builder-column-5 fusion_builder_column_1_3 1_3 fusion-flex-column\" style=\"--awb-bg-size:cover;--awb-width-large:33.333333333333%;--awb-margin-top-large:0px;--awb-spacing-right-large:5.76%;--awb-margin-bottom-large:20px;--awb-spacing-left-large:5.76%;--awb-width-medium:33.333333333333%;--awb-order-medium:0;--awb-spacing-right-medium:5.76%;--awb-spacing-left-medium:5.76%;--awb-width-small:100%;--awb-order-small:0;--awb-spacing-right-small:1.92%;--awb-spacing-left-small:1.92%;\"><div class=\"fusion-column-wrapper fusion-column-has-shadow fusion-flex-justify-content-flex-start fusion-content-layout-column\"><div class=\"fusion-text fusion-text-8\"><p><strong>SMV<\/strong><br \/>\n<strong>Membro<\/strong><br \/>\nT\u00fct\u00fcnc\u00fc Hatice<br \/>\nP.O. Box<br \/>\n6000 Lucerna<\/p>\n<\/div><div class=\"fusion-builder-row fusion-builder-row-inner fusion-row fusion-flex-align-items-flex-start fusion-flex-content-wrap\" style=\"--awb-flex-grow:0;--awb-flex-grow-medium:0;--awb-flex-grow-small:0;--awb-flex-shrink:0;--awb-flex-shrink-medium:0;--awb-flex-shrink-small:0;width:104% !important;max-width:104% !important;margin-left: calc(-4% \/ 2 );margin-right: calc(-4% \/ 2 );\"><div class=\"fusion-layout-column fusion_builder_column_inner fusion-builder-nested-column-8 fusion-flex-column\" style=\"--awb-bg-size:cover;--awb-width-large:6%;--awb-margin-top-large:0px;--awb-spacing-right-large:32%;--awb-margin-bottom-large:20px;--awb-spacing-left-large:32%;--awb-width-medium:6%;--awb-order-medium:0;--awb-spacing-right-medium:32%;--awb-spacing-left-medium:32%;--awb-width-small:100%;--awb-order-small:0;--awb-spacing-right-small:1.92%;--awb-spacing-left-small:1.92%;\" data-scroll-devices=\"small-visibility,medium-visibility,large-visibility\"><div class=\"fusion-column-wrapper fusion-column-has-shadow fusion-flex-justify-content-flex-start fusion-content-layout-column\"><\/div><\/div><div class=\"fusion-layout-column fusion_builder_column_inner fusion-builder-nested-column-9 fusion-flex-column\" style=\"--awb-bg-size:cover;--awb-width-large:94%;--awb-margin-top-large:0px;--awb-spacing-right-large:2.0425531914894%;--awb-margin-bottom-large:20px;--awb-spacing-left-large:2.0425531914894%;--awb-width-medium:94%;--awb-order-medium:0;--awb-spacing-right-medium:2.0425531914894%;--awb-spacing-left-medium:2.0425531914894%;--awb-width-small:100%;--awb-order-small:0;--awb-spacing-right-small:1.92%;--awb-spacing-left-small:1.92%;\" data-scroll-devices=\"small-visibility,medium-visibility,large-visibility\"><div class=\"fusion-column-wrapper fusion-column-has-shadow fusion-flex-justify-content-flex-start fusion-content-layout-column\"><a class=\"fb-icon-element-8 fb-icon-element fontawesome-icon fa-envelope fas circle-yes fusion-text-flow fusion-link\" style=\"--awb-circlebordersize:0px;--awb-font-size:17.6px;--awb-width:35.2px;--awb-height:35.2px;--awb-line-height:35.2px;--awb-margin-right:10px;\" href=\"mailto:info@berufsverband-modistinnen.ch\" target=\"_self\" aria-label=\"Link to mailto:info@berufsverband-modistinnen.ch\"><\/a><\/div><\/div><\/div><\/div><\/div><div class=\"fusion-layout-column fusion_builder_column fusion-builder-column-6 fusion_builder_column_1_3 1_3 fusion-flex-column\" style=\"--awb-bg-size:cover;--awb-width-large:33.333333333333%;--awb-margin-top-large:0px;--awb-spacing-right-large:5.76%;--awb-margin-bottom-large:20px;--awb-spacing-left-large:5.76%;--awb-width-medium:33.333333333333%;--awb-order-medium:0;--awb-spacing-right-medium:5.76%;--awb-spacing-left-medium:5.76%;--awb-width-small:100%;--awb-order-small:0;--awb-spacing-right-small:1.92%;--awb-spacing-left-small:1.92%;\"><div class=\"fusion-column-wrapper fusion-column-has-shadow fusion-flex-justify-content-flex-start fusion-content-layout-column\"><div class=\"fusion-text fusion-text-9\"><p><strong>STF<\/strong><br \/>\n<strong>Membro<\/strong><br \/>\nWitschi Stephanie<br \/>\nKlosterstrasse 32<br \/>\n8406 Winterthur<\/p>\n<\/div><div class=\"fusion-builder-row fusion-builder-row-inner fusion-row fusion-flex-align-items-flex-start fusion-flex-content-wrap\" style=\"--awb-flex-grow:0;--awb-flex-grow-medium:0;--awb-flex-grow-small:0;--awb-flex-shrink:0;--awb-flex-shrink-medium:0;--awb-flex-shrink-small:0;width:104% !important;max-width:104% !important;margin-left: calc(-4% \/ 2 );margin-right: calc(-4% \/ 2 );\"><div class=\"fusion-layout-column fusion_builder_column_inner fusion-builder-nested-column-10 fusion-flex-column\" style=\"--awb-bg-size:cover;--awb-width-large:6%;--awb-margin-top-large:0px;--awb-spacing-right-large:32%;--awb-margin-bottom-large:20px;--awb-spacing-left-large:32%;--awb-width-medium:6%;--awb-order-medium:0;--awb-spacing-right-medium:32%;--awb-spacing-left-medium:32%;--awb-width-small:100%;--awb-order-small:0;--awb-spacing-right-small:1.92%;--awb-spacing-left-small:1.92%;\" data-scroll-devices=\"small-visibility,medium-visibility,large-visibility\"><div class=\"fusion-column-wrapper fusion-column-has-shadow fusion-flex-justify-content-flex-start fusion-content-layout-column\"><i class=\"fb-icon-element-9 fb-icon-element fontawesome-icon fa-phone fas circle-yes fa-flip-horizontal\" style=\"--awb-circlebordersize:0px;--awb-font-size:17.6px;--awb-width:35.2px;--awb-height:35.2px;--awb-line-height:35.2px;--awb-margin-top:0;--awb-margin-right:0;--awb-margin-bottom:0;--awb-margin-left:0;--awb-align-self:center;\"><\/i><\/div><\/div><div class=\"fusion-layout-column fusion_builder_column_inner fusion-builder-nested-column-11 fusion-flex-column\" style=\"--awb-bg-size:cover;--awb-width-large:94%;--awb-margin-top-large:0px;--awb-spacing-right-large:2.0425531914894%;--awb-margin-bottom-large:20px;--awb-spacing-left-large:2.0425531914894%;--awb-width-medium:94%;--awb-order-medium:0;--awb-spacing-right-medium:2.0425531914894%;--awb-spacing-left-medium:2.0425531914894%;--awb-width-small:100%;--awb-order-small:0;--awb-spacing-right-small:1.92%;--awb-spacing-left-small:1.92%;\" data-scroll-devices=\"small-visibility,medium-visibility,large-visibility\"><div class=\"fusion-column-wrapper fusion-column-has-shadow fusion-flex-justify-content-flex-start fusion-content-layout-column\"><div class=\"fusion-text fusion-text-10\" style=\"--awb-content-alignment:left;\"><p>052 551 77 52<\/p>\n<\/div><a class=\"fb-icon-element-10 fb-icon-element fontawesome-icon fa-envelope fas circle-yes fusion-text-flow fusion-link\" style=\"--awb-circlebordersize:0px;--awb-font-size:17.6px;--awb-width:35.2px;--awb-height:35.2px;--awb-line-height:35.2px;--awb-margin-right:10px;\" href=\"mailto:stephanie.witschi@stf.ch\" target=\"_self\" aria-label=\"Link to mailto:stephanie.witschi@stf.ch\"><\/a><\/div><\/div><\/div><\/div><\/div><\/div><\/div>\n","protected":false},"excerpt":{"rendered":"","protected":false},"author":1,"featured_media":0,"parent":0,"menu_order":0,"comment_status":"closed","ping_status":"closed","template":"100-width.php","meta":{"footnotes":""},"class_list":["post-344","page","type-page","status-publish","hentry"],"_links":{"self":[{"href":"https:\/\/ibbg.ch\/it\/wp-json\/wp\/v2\/pages\/344","targetHints":{"allow":["GET"]}}],"collection":[{"href":"https:\/\/ibbg.ch\/it\/wp-json\/wp\/v2\/pages"}],"about":[{"href":"https:\/\/ibbg.ch\/it\/wp-json\/wp\/v2\/types\/page"}],"author":[{"embeddable":true,"href":"https:\/\/ibbg.ch\/it\/wp-json\/wp\/v2\/users\/1"}],"replies":[{"embeddable":true,"href":"https:\/\/ibbg.ch\/it\/wp-json\/wp\/v2\/comments?post=344"}],"version-history":[{"count":9,"href":"https:\/\/ibbg.ch\/it\/wp-json\/wp\/v2\/pages\/344\/revisions"}],"predecessor-version":[{"id":2050,"href":"https:\/\/ibbg.ch\/it\/wp-json\/wp\/v2\/pages\/344\/revisions\/2050"}],"wp:attachment":[{"href":"https:\/\/ibbg.ch\/it\/wp-json\/wp\/v2\/media?parent=344"}],"curies":[{"name":"wp","href":"https:\/\/api.w.org\/{rel}","templated":true}]}}