{"id":933,"date":"2025-04-10T13:05:54","date_gmt":"2025-04-10T13:05:54","guid":{"rendered":"https:\/\/ibbg.ch.hira.ch-meta.net\/skillpartout-detailsfr-my-skills\/"},"modified":"2025-04-10T13:17:42","modified_gmt":"2025-04-10T13:17:42","slug":"skillpartout-detailsfr-my-skills","status":"publish","type":"page","link":"https:\/\/ibbg.ch\/fr\/skillpartout-detailsfr-my-skills\/","title":{"rendered":"Skillpartout-DetailsFR-my-skills"},"content":{"rendered":"<div class=\"fusion-fullwidth fullwidth-box fusion-builder-row-1 fusion-flex-container has-pattern-background has-mask-background hundred-percent-fullwidth non-hundred-percent-height-scrolling\" style=\"--awb-border-radius-top-left:0px;--awb-border-radius-top-right:0px;--awb-border-radius-bottom-right:0px;--awb-border-radius-bottom-left:0px;--awb-padding-right:5%;--awb-padding-left:5%;--awb-flex-wrap:wrap;\" ><div class=\"fusion-builder-row fusion-row fusion-flex-align-items-flex-start fusion-flex-content-wrap\" style=\"width:104% !important;max-width:104% !important;margin-left: calc(-4% \/ 2 );margin-right: calc(-4% \/ 2 );\"><div class=\"fusion-layout-column fusion_builder_column fusion-builder-column-0 fusion_builder_column_1_1 1_1 fusion-flex-column\" style=\"--awb-bg-size:cover;--awb-width-large:100%;--awb-margin-top-large:0px;--awb-spacing-right-large:1.92%;--awb-margin-bottom-large:20px;--awb-spacing-left-large:1.92%;--awb-width-medium:100%;--awb-order-medium:0;--awb-spacing-right-medium:1.92%;--awb-spacing-left-medium:1.92%;--awb-width-small:100%;--awb-order-small:0;--awb-spacing-right-small:1.92%;--awb-spacing-left-small:1.92%;\"><div class=\"fusion-column-wrapper fusion-column-has-shadow fusion-flex-justify-content-flex-start fusion-content-layout-column\"><div class=\"fusion-title title fusion-title-1 fusion-sep-none fusion-title-text fusion-title-size-one\" style=\"--awb-margin-top-small:10px;--awb-margin-right-small:0px;--awb-margin-bottom-small:10px;--awb-margin-left-small:0px;\"><h1 class=\"fusion-title-heading title-heading-left\" style=\"margin:0;\"><h1>My Skills<\/h1><\/h1><\/div><div class=\"fusion-text fusion-text-1\"><p><strong>Tenir un journal de formation<br \/>\n<\/strong>Les situations professionnelles et les r\u00e9sum\u00e9s th\u00e9matiques sont document\u00e9s, analys\u00e9s et mis en relation avec les comp\u00e9tences pertinentes du plan de formation ou du plan d&rsquo;\u00e9tudes cadre correspondant. Il en r\u00e9sulte un ensemble de situations pratiques concr\u00e8tes, auxquelles il est possible de recourir dans l&rsquo;enseignement, dans les CIE\/TT et pour les \u00e9preuves d&rsquo;examen.  <\/p>\n<p><strong>Consigner valablement les auto-\u00e9valuations et les \u00e9valuations externes<br \/>\n<\/strong>Les formateurs documentent et \u00e9valuent les situations de travail observ\u00e9es dans le contexte pratique et dans les CIE\/TT (de mani\u00e8re formative ou sommative) et les attribuent aux comp\u00e9tences \u00e0 acqu\u00e9rir. Le rapport de formation et la qualification pratique sont \u00e9tablis sur la base des \u00e9valuations sommatives.  <\/p>\n<p><strong>Faire valoir son profil de comp\u00e9tences<br \/>\n<\/strong>Les personnes en formation disposent d&rsquo;une preuve de leur profil de comp\u00e9tences personnel. Ces donn\u00e9es peuvent \u00eatre utilis\u00e9es pour la planification du parcours de formation et, \u00e0 la fin de la formation, par exemple pour la planification de la formation continue ou dans le cadre d&rsquo;une proc\u00e9dure de candidature pour des employeurs potentiels.<\/p>\n<\/div><div class=\"awb-gallery-wrapper awb-gallery-wrapper-1 button-span-no\" style=\"--more-btn-alignment:center;\"><div style=\"margin:-5px;--awb-bordersize:0px;\" class=\"fusion-gallery fusion-gallery-container fusion-grid-3 fusion-columns-total-1 fusion-gallery-layout-grid fusion-gallery-1\"><div style=\"padding:5px;\" class=\"fusion-grid-column fusion-gallery-column fusion-gallery-column-3 hover-type-none\"><div class=\"fusion-gallery-image\"><a href=\"https:\/\/ibbg.ch\/wp-content\/uploads\/2025\/04\/myskills.png\" rel=\"noreferrer\" data-rel=\"iLightbox[gallery_image_1]\" class=\"fusion-lightbox\" target=\"_self\"><img decoding=\"async\" src=\"https:\/\/ibbg.ch\/wp-content\/uploads\/2025\/04\/myskills.png\" width=\"2596\" height=\"1334\" alt=\"myskills\" title=\"myskills\" aria-label=\"myskills\" class=\"img-responsive wp-image-929\" srcset=\"https:\/\/ibbg.ch\/wp-content\/uploads\/2025\/04\/myskills-200x103.png 200w, https:\/\/ibbg.ch\/wp-content\/uploads\/2025\/04\/myskills-400x206.png 400w, https:\/\/ibbg.ch\/wp-content\/uploads\/2025\/04\/myskills-600x308.png 600w, https:\/\/ibbg.ch\/wp-content\/uploads\/2025\/04\/myskills-800x411.png 800w, https:\/\/ibbg.ch\/wp-content\/uploads\/2025\/04\/myskills-1200x617.png 1200w, https:\/\/ibbg.ch\/wp-content\/uploads\/2025\/04\/myskills.png 2596w\" sizes=\"(min-width: 2200px) 100vw, (min-width: 784px) 397px, (min-width: 712px) 595px, (min-width: 640px) 712px, \" \/><\/a><\/div><\/div><\/div><\/div><div class=\"fusion-separator fusion-full-width-sep\" style=\"align-self: center;margin-left: auto;margin-right: auto;margin-top:10px;margin-bottom:10px;width:100%;max-width:100%;\"><\/div><a href=\"javascript:window.history.back()\">retour<\/a><\/div><\/div><\/div><\/div>\n","protected":false},"excerpt":{"rendered":"","protected":false},"author":1,"featured_media":0,"parent":0,"menu_order":0,"comment_status":"closed","ping_status":"closed","template":"100-width.php","meta":{"footnotes":""},"class_list":["post-933","page","type-page","status-publish","hentry"],"_links":{"self":[{"href":"https:\/\/ibbg.ch\/fr\/wp-json\/wp\/v2\/pages\/933","targetHints":{"allow":["GET"]}}],"collection":[{"href":"https:\/\/ibbg.ch\/fr\/wp-json\/wp\/v2\/pages"}],"about":[{"href":"https:\/\/ibbg.ch\/fr\/wp-json\/wp\/v2\/types\/page"}],"author":[{"embeddable":true,"href":"https:\/\/ibbg.ch\/fr\/wp-json\/wp\/v2\/users\/1"}],"replies":[{"embeddable":true,"href":"https:\/\/ibbg.ch\/fr\/wp-json\/wp\/v2\/comments?post=933"}],"version-history":[{"count":3,"href":"https:\/\/ibbg.ch\/fr\/wp-json\/wp\/v2\/pages\/933\/revisions"}],"predecessor-version":[{"id":936,"href":"https:\/\/ibbg.ch\/fr\/wp-json\/wp\/v2\/pages\/933\/revisions\/936"}],"wp:attachment":[{"href":"https:\/\/ibbg.ch\/fr\/wp-json\/wp\/v2\/media?parent=933"}],"curies":[{"name":"wp","href":"https:\/\/api.w.org\/{rel}","templated":true}]}}