{"id":919,"date":"2025-04-10T12:56:51","date_gmt":"2025-04-10T12:56:51","guid":{"rendered":"https:\/\/ibbg.ch.hira.ch-meta.net\/skillpartout-detailsfr-my-work\/"},"modified":"2025-04-10T14:32:11","modified_gmt":"2025-04-10T14:32:11","slug":"skillpartout-detailsfr-my-work","status":"publish","type":"page","link":"https:\/\/ibbg.ch\/fr\/skillpartout-detailsfr-my-work\/","title":{"rendered":"Skillpartout-DetailsFR-my-work"},"content":{"rendered":"<div class=\"fusion-fullwidth fullwidth-box fusion-builder-row-1 fusion-flex-container has-pattern-background has-mask-background hundred-percent-fullwidth non-hundred-percent-height-scrolling\" style=\"--awb-border-radius-top-left:0px;--awb-border-radius-top-right:0px;--awb-border-radius-bottom-right:0px;--awb-border-radius-bottom-left:0px;--awb-padding-right:5%;--awb-padding-left:5%;--awb-flex-wrap:wrap;\" ><div class=\"fusion-builder-row fusion-row fusion-flex-align-items-flex-start fusion-flex-content-wrap\" style=\"width:104% !important;max-width:104% !important;margin-left: calc(-4% \/ 2 );margin-right: calc(-4% \/ 2 );\"><div class=\"fusion-layout-column fusion_builder_column fusion-builder-column-0 fusion_builder_column_1_1 1_1 fusion-flex-column\" style=\"--awb-bg-size:cover;--awb-width-large:100%;--awb-margin-top-large:0px;--awb-spacing-right-large:1.92%;--awb-margin-bottom-large:20px;--awb-spacing-left-large:1.92%;--awb-width-medium:100%;--awb-order-medium:0;--awb-spacing-right-medium:1.92%;--awb-spacing-left-medium:1.92%;--awb-width-small:100%;--awb-order-small:0;--awb-spacing-right-small:1.92%;--awb-spacing-left-small:1.92%;\"><div class=\"fusion-column-wrapper fusion-column-has-shadow fusion-flex-justify-content-flex-start fusion-content-layout-column\"><div class=\"fusion-title title fusion-title-1 fusion-sep-none fusion-title-text fusion-title-size-one\" style=\"--awb-margin-top-small:10px;--awb-margin-right-small:0px;--awb-margin-bottom-small:10px;--awb-margin-left-small:0px;\"><h1 class=\"fusion-title-heading title-heading-left\" style=\"margin:0;\"><h1>My Work<\/h1><\/h1><\/div><div class=\"fusion-text fusion-text-1\"><p><strong>R\u00e9aliser des cahiers pratiques<br \/>\n<\/strong>Les contenus pertinents pour la formation sont enregistr\u00e9s sous la forme de cahiers pratiques individuels. Ces documents peuvent \u00eatre compl\u00e9t\u00e9s par des annotations\/marquages personnels, des croquis ou tous les m\u00e9dias usuels. <\/p>\n<p><strong>Cr\u00e9er des espaces de travail<br \/>\n<\/strong>Des espaces de travail en groupe et th\u00e9matiques permettent un travail num\u00e9rique flexible et collaboratif en classe ou en petits groupes d&rsquo;apprentissage.<\/p>\n<\/div><div class=\"awb-gallery-wrapper awb-gallery-wrapper-1 button-span-no\" style=\"--more-btn-alignment:center;\"><div style=\"margin:-5px;--awb-bordersize:0px;\" class=\"fusion-gallery fusion-gallery-container fusion-grid-3 fusion-columns-total-2 fusion-gallery-layout-grid fusion-gallery-1\"><div style=\"padding:5px;\" class=\"fusion-grid-column fusion-gallery-column fusion-gallery-column-3 hover-type-none\"><div class=\"fusion-gallery-image\"><a href=\"https:\/\/ibbg.ch\/wp-content\/uploads\/2025\/04\/mywork.png\" rel=\"noreferrer\" data-rel=\"iLightbox[gallery_image_1]\" class=\"fusion-lightbox\" target=\"_self\"><img decoding=\"async\" src=\"https:\/\/ibbg.ch\/wp-content\/uploads\/2025\/04\/mywork.png\" width=\"2658\" height=\"1324\" alt=\"Skillpartout MyWork\" title=\"mywork\" aria-label=\"mywork\" class=\"img-responsive wp-image-913\" srcset=\"https:\/\/ibbg.ch\/wp-content\/uploads\/2025\/04\/mywork-200x100.png 200w, https:\/\/ibbg.ch\/wp-content\/uploads\/2025\/04\/mywork-400x199.png 400w, https:\/\/ibbg.ch\/wp-content\/uploads\/2025\/04\/mywork-600x299.png 600w, https:\/\/ibbg.ch\/wp-content\/uploads\/2025\/04\/mywork-800x398.png 800w, https:\/\/ibbg.ch\/wp-content\/uploads\/2025\/04\/mywork-1200x598.png 1200w, https:\/\/ibbg.ch\/wp-content\/uploads\/2025\/04\/mywork.png 2658w\" sizes=\"(min-width: 2200px) 100vw, (min-width: 784px) 397px, (min-width: 712px) 595px, (min-width: 640px) 712px, \" \/><\/a><\/div><\/div><div style=\"padding:5px;\" class=\"fusion-grid-column fusion-gallery-column fusion-gallery-column-3 hover-type-none\"><div class=\"fusion-gallery-image\"><a href=\"https:\/\/ibbg.ch\/wp-content\/uploads\/2025\/04\/mywork_lehrmittel-unicut.png\" rel=\"noreferrer\" data-rel=\"iLightbox[gallery_image_1]\" class=\"fusion-lightbox\" target=\"_self\"><img decoding=\"async\" src=\"https:\/\/ibbg.ch\/wp-content\/uploads\/2025\/04\/mywork_lehrmittel-unicut.png\" width=\"2546\" height=\"1530\" alt=\"mywork_lehrmittel-unicut\" title=\"mywork_lehrmittel-unicut\" aria-label=\"mywork_lehrmittel-unicut\" class=\"img-responsive wp-image-916\" srcset=\"https:\/\/ibbg.ch\/wp-content\/uploads\/2025\/04\/mywork_lehrmittel-unicut-200x120.png 200w, https:\/\/ibbg.ch\/wp-content\/uploads\/2025\/04\/mywork_lehrmittel-unicut-400x240.png 400w, https:\/\/ibbg.ch\/wp-content\/uploads\/2025\/04\/mywork_lehrmittel-unicut-600x361.png 600w, https:\/\/ibbg.ch\/wp-content\/uploads\/2025\/04\/mywork_lehrmittel-unicut-800x481.png 800w, https:\/\/ibbg.ch\/wp-content\/uploads\/2025\/04\/mywork_lehrmittel-unicut-1200x721.png 1200w, https:\/\/ibbg.ch\/wp-content\/uploads\/2025\/04\/mywork_lehrmittel-unicut.png 2546w\" sizes=\"(min-width: 2200px) 100vw, (min-width: 784px) 397px, (min-width: 712px) 595px, (min-width: 640px) 712px, \" \/><\/a><\/div><\/div><\/div><\/div><div class=\"fusion-separator\" style=\"align-self: center;margin-left: auto;margin-right: auto;margin-top:10px;margin-bottom:10px;width:100%;max-width:100px;\"><\/div><a href=\"javascript:window.history.back()\">retour<\/a><\/div><\/div><\/div><\/div>\n","protected":false},"excerpt":{"rendered":"","protected":false},"author":1,"featured_media":0,"parent":0,"menu_order":0,"comment_status":"closed","ping_status":"closed","template":"100-width.php","meta":{"footnotes":""},"class_list":["post-919","page","type-page","status-publish","hentry"],"_links":{"self":[{"href":"https:\/\/ibbg.ch\/fr\/wp-json\/wp\/v2\/pages\/919","targetHints":{"allow":["GET"]}}],"collection":[{"href":"https:\/\/ibbg.ch\/fr\/wp-json\/wp\/v2\/pages"}],"about":[{"href":"https:\/\/ibbg.ch\/fr\/wp-json\/wp\/v2\/types\/page"}],"author":[{"embeddable":true,"href":"https:\/\/ibbg.ch\/fr\/wp-json\/wp\/v2\/users\/1"}],"replies":[{"embeddable":true,"href":"https:\/\/ibbg.ch\/fr\/wp-json\/wp\/v2\/comments?post=919"}],"version-history":[{"count":5,"href":"https:\/\/ibbg.ch\/fr\/wp-json\/wp\/v2\/pages\/919\/revisions"}],"predecessor-version":[{"id":957,"href":"https:\/\/ibbg.ch\/fr\/wp-json\/wp\/v2\/pages\/919\/revisions\/957"}],"wp:attachment":[{"href":"https:\/\/ibbg.ch\/fr\/wp-json\/wp\/v2\/media?parent=919"}],"curies":[{"name":"wp","href":"https:\/\/api.w.org\/{rel}","templated":true}]}}