{"id":903,"date":"2025-04-09T14:35:59","date_gmt":"2025-04-09T14:35:59","guid":{"rendered":"https:\/\/ibbg.ch.hira.ch-meta.net\/skillpartout-detailsfr-my-space\/"},"modified":"2025-04-10T14:32:11","modified_gmt":"2025-04-10T14:32:11","slug":"skillpartout-detailsfr-my-space","status":"publish","type":"page","link":"https:\/\/ibbg.ch\/fr\/skillpartout-detailsfr-my-space\/","title":{"rendered":"Skillpartout-DetailsFR-my-space"},"content":{"rendered":"<div class=\"fusion-fullwidth fullwidth-box fusion-builder-row-1 fusion-flex-container has-pattern-background has-mask-background hundred-percent-fullwidth non-hundred-percent-height-scrolling\" style=\"--awb-border-radius-top-left:0px;--awb-border-radius-top-right:0px;--awb-border-radius-bottom-right:0px;--awb-border-radius-bottom-left:0px;--awb-padding-right:5%;--awb-padding-left:5%;--awb-flex-wrap:wrap;\" ><div class=\"fusion-builder-row fusion-row fusion-flex-align-items-flex-start fusion-flex-content-wrap\" style=\"width:104% !important;max-width:104% !important;margin-left: calc(-4% \/ 2 );margin-right: calc(-4% \/ 2 );\"><div class=\"fusion-layout-column fusion_builder_column fusion-builder-column-0 fusion_builder_column_1_1 1_1 fusion-flex-column\" style=\"--awb-bg-size:cover;--awb-width-large:100%;--awb-margin-top-large:0px;--awb-spacing-right-large:1.92%;--awb-margin-bottom-large:20px;--awb-spacing-left-large:1.92%;--awb-width-medium:100%;--awb-order-medium:0;--awb-spacing-right-medium:1.92%;--awb-spacing-left-medium:1.92%;--awb-width-small:100%;--awb-order-small:0;--awb-spacing-right-small:1.92%;--awb-spacing-left-small:1.92%;\"><div class=\"fusion-column-wrapper fusion-column-has-shadow fusion-flex-justify-content-flex-start fusion-content-layout-column\"><div class=\"fusion-title title fusion-title-1 fusion-sep-none fusion-title-text fusion-title-size-one\" style=\"--awb-margin-top-small:10px;--awb-margin-right-small:0px;--awb-margin-bottom-small:10px;--awb-margin-left-small:0px;\"><h1 class=\"fusion-title-heading title-heading-left\" style=\"margin:0;\"><h1>My Space<\/h1><\/h1><\/div><div class=\"fusion-text fusion-text-1\"><p><strong>Conserver des notes personnelles<br \/>\n<\/strong>Les notes personnelles peuvent \u00eatre class\u00e9es selon les besoins individuels et organis\u00e9es de mani\u00e8re appropri\u00e9e au moyen d&rsquo;un classeur ou d&rsquo;un tag.<\/p>\n<p><strong>Compiler des pr\u00e9sentations<br \/>\n<\/strong>Regroupement de n&rsquo;importe quel contenu du portefeuille de comp\u00e9tences personnel, par exemple pour de petits projets ou dans le cadre d&rsquo;une candidature\/d&rsquo;une proc\u00e9dure d&rsquo;admission. Les contenus peuvent \u00eatre partag\u00e9s avec d&rsquo;autres personnes (\u00e9galement en dehors de l&rsquo;institution).<\/p>\n<\/div><div class=\"awb-gallery-wrapper awb-gallery-wrapper-1 button-span-no\" style=\"--more-btn-alignment:center;\"><div style=\"margin:-5px;--awb-bordersize:0px;\" class=\"fusion-gallery fusion-gallery-container fusion-grid-3 fusion-columns-total-1 fusion-gallery-layout-grid fusion-gallery-1\"><div style=\"padding:5px;\" class=\"fusion-grid-column fusion-gallery-column fusion-gallery-column-3 hover-type-none\"><div class=\"fusion-gallery-image\"><a href=\"https:\/\/ibbg.ch\/wp-content\/uploads\/2025\/04\/myspace1.png\" rel=\"noreferrer\" data-rel=\"iLightbox[gallery_image_1]\" class=\"fusion-lightbox\" target=\"_self\"><img decoding=\"async\" src=\"https:\/\/ibbg.ch\/wp-content\/uploads\/2025\/04\/myspace1.png\" width=\"2664\" height=\"1362\" alt=\"Skillpartout myspace\" title=\"myspace1\" aria-label=\"myspace1\" class=\"img-responsive wp-image-897\" srcset=\"https:\/\/ibbg.ch\/wp-content\/uploads\/2025\/04\/myspace1-200x102.png 200w, https:\/\/ibbg.ch\/wp-content\/uploads\/2025\/04\/myspace1-400x205.png 400w, https:\/\/ibbg.ch\/wp-content\/uploads\/2025\/04\/myspace1-600x307.png 600w, https:\/\/ibbg.ch\/wp-content\/uploads\/2025\/04\/myspace1-800x409.png 800w, https:\/\/ibbg.ch\/wp-content\/uploads\/2025\/04\/myspace1-1200x614.png 1200w, https:\/\/ibbg.ch\/wp-content\/uploads\/2025\/04\/myspace1.png 2664w\" sizes=\"(min-width: 2200px) 100vw, (min-width: 784px) 397px, (min-width: 712px) 595px, (min-width: 640px) 712px, \" \/><\/a><\/div><\/div><\/div><\/div><div class=\"fusion-separator fusion-full-width-sep\" style=\"align-self: center;margin-left: auto;margin-right: auto;margin-top:10px;margin-bottom:10px;width:100%;max-width:100%;\"><\/div><a href=\"javascript:window.history.back()\">retour<\/a><\/div><\/div><\/div><\/div>\n","protected":false},"excerpt":{"rendered":"","protected":false},"author":1,"featured_media":0,"parent":0,"menu_order":0,"comment_status":"closed","ping_status":"closed","template":"100-width.php","meta":{"footnotes":""},"class_list":["post-903","page","type-page","status-publish","hentry"],"_links":{"self":[{"href":"https:\/\/ibbg.ch\/fr\/wp-json\/wp\/v2\/pages\/903","targetHints":{"allow":["GET"]}}],"collection":[{"href":"https:\/\/ibbg.ch\/fr\/wp-json\/wp\/v2\/pages"}],"about":[{"href":"https:\/\/ibbg.ch\/fr\/wp-json\/wp\/v2\/types\/page"}],"author":[{"embeddable":true,"href":"https:\/\/ibbg.ch\/fr\/wp-json\/wp\/v2\/users\/1"}],"replies":[{"embeddable":true,"href":"https:\/\/ibbg.ch\/fr\/wp-json\/wp\/v2\/comments?post=903"}],"version-history":[{"count":8,"href":"https:\/\/ibbg.ch\/fr\/wp-json\/wp\/v2\/pages\/903\/revisions"}],"predecessor-version":[{"id":956,"href":"https:\/\/ibbg.ch\/fr\/wp-json\/wp\/v2\/pages\/903\/revisions\/956"}],"wp:attachment":[{"href":"https:\/\/ibbg.ch\/fr\/wp-json\/wp\/v2\/media?parent=903"}],"curies":[{"name":"wp","href":"https:\/\/api.w.org\/{rel}","templated":true}]}}