{"id":833,"date":"2025-04-09T07:31:49","date_gmt":"2025-04-09T07:31:49","guid":{"rendered":"https:\/\/ibbg.ch.hira.ch-meta.net\/skillpartout-instructions\/"},"modified":"2025-07-11T10:12:00","modified_gmt":"2025-07-11T10:12:00","slug":"skillpartout-instructions","status":"publish","type":"page","link":"https:\/\/ibbg.ch\/fr\/skillpartout-instructions\/","title":{"rendered":"Skillpartout &#8211; Instructions"},"content":{"rendered":"<div class=\"fusion-fullwidth fullwidth-box fusion-builder-row-1 fusion-flex-container has-pattern-background has-mask-background hundred-percent-fullwidth non-hundred-percent-height-scrolling\" style=\"--awb-border-radius-top-left:0px;--awb-border-radius-top-right:0px;--awb-border-radius-bottom-right:0px;--awb-border-radius-bottom-left:0px;--awb-padding-right:5%;--awb-padding-left:5%;--awb-flex-wrap:wrap;\" ><div class=\"fusion-builder-row fusion-row fusion-flex-align-items-flex-start fusion-flex-content-wrap\" style=\"width:104% !important;max-width:104% !important;margin-left: calc(-4% \/ 2 );margin-right: calc(-4% \/ 2 );\"><div class=\"fusion-layout-column fusion_builder_column fusion-builder-column-0 fusion_builder_column_1_1 1_1 fusion-flex-column\" style=\"--awb-bg-size:cover;--awb-width-large:100%;--awb-margin-top-large:0px;--awb-spacing-right-large:1.92%;--awb-margin-bottom-large:20px;--awb-spacing-left-large:1.92%;--awb-width-medium:100%;--awb-order-medium:0;--awb-spacing-right-medium:1.92%;--awb-spacing-left-medium:1.92%;--awb-width-small:100%;--awb-order-small:0;--awb-spacing-right-small:1.92%;--awb-spacing-left-small:1.92%;\"><div class=\"fusion-column-wrapper fusion-column-has-shadow fusion-flex-justify-content-flex-start fusion-content-layout-column\"><div class=\"fusion-title title fusion-title-1 fusion-sep-none fusion-title-text fusion-title-size-one\" style=\"--awb-margin-top-small:10px;--awb-margin-right-small:0px;--awb-margin-bottom-small:10px;--awb-margin-left-small:0px;\"><h1 class=\"fusion-title-heading title-heading-left\" style=\"margin:0;\"><h1><span id=\"dnn_ctr6425_dnnTITLE_titleLabel\" class=\"Head\">Skillpartout &#8211; Instructions<\/span><\/h1><\/h1><\/div><div class=\"fusion-text fusion-text-1\"><ul>\n<li class=\"edn_docType_pdf\"><a href=\"https:\/\/ibbg.ch\/wp-content\/uploads\/2025\/oeffDokumente\/FR\/Skillpartout%20-%20Instructions\/F_202403_Checkliste%20f%C3%BCr%20Berufsfachschullehrerin_BerufsbildnerIn.pdf\" target=\"_blank\" rel=\"noopener\">Liste de contr\u00f4le pour l&rsquo;enseignant de l&rsquo;\u00e9cole professionnelle &amp; le formateur professionnel<\/a><\/li>\n<li class=\"edn_docType_xlsx\"><a href=\"https:\/\/ibbg.ch\/wp-content\/uploads\/2025\/04\/Vorlage-Datenliste-fuer-Logineroeffnung_202405.xlsx\" target=\"_blank\" rel=\"noopener\" download=\"\">Saisie des donn\u00e9es pour l&rsquo;ouverture Inscription Acc\u00e8s \u00e0 Skillpartout<\/a><\/li>\n<li class=\"edn_docType_pptx\"><a href=\"https:\/\/ibbg.ch\/wp-content\/uploads\/2025\/04\/1_Online-Schulung_20240516.pptx\" target=\"_blank\" rel=\"noopener\">Formation en ligne<\/a><\/li>\n<\/ul>\n<\/div><a href=\"javascript:window.history.back()\">retour<\/a><\/div><\/div><\/div><\/div>\n","protected":false},"excerpt":{"rendered":"","protected":false},"author":1,"featured_media":0,"parent":0,"menu_order":0,"comment_status":"closed","ping_status":"closed","template":"100-width.php","meta":{"footnotes":""},"class_list":["post-833","page","type-page","status-publish","hentry"],"_links":{"self":[{"href":"https:\/\/ibbg.ch\/fr\/wp-json\/wp\/v2\/pages\/833","targetHints":{"allow":["GET"]}}],"collection":[{"href":"https:\/\/ibbg.ch\/fr\/wp-json\/wp\/v2\/pages"}],"about":[{"href":"https:\/\/ibbg.ch\/fr\/wp-json\/wp\/v2\/types\/page"}],"author":[{"embeddable":true,"href":"https:\/\/ibbg.ch\/fr\/wp-json\/wp\/v2\/users\/1"}],"replies":[{"embeddable":true,"href":"https:\/\/ibbg.ch\/fr\/wp-json\/wp\/v2\/comments?post=833"}],"version-history":[{"count":13,"href":"https:\/\/ibbg.ch\/fr\/wp-json\/wp\/v2\/pages\/833\/revisions"}],"predecessor-version":[{"id":1427,"href":"https:\/\/ibbg.ch\/fr\/wp-json\/wp\/v2\/pages\/833\/revisions\/1427"}],"wp:attachment":[{"href":"https:\/\/ibbg.ch\/fr\/wp-json\/wp\/v2\/media?parent=833"}],"curies":[{"name":"wp","href":"https:\/\/api.w.org\/{rel}","templated":true}]}}