{"id":450,"date":"2025-03-23T10:09:18","date_gmt":"2025-03-23T10:09:18","guid":{"rendered":"https:\/\/ibbg.ch.hira.ch-meta.net\/contact\/"},"modified":"2025-06-26T14:40:38","modified_gmt":"2025-06-26T14:40:38","slug":"contact","status":"publish","type":"page","link":"https:\/\/ibbg.ch\/fr\/contact\/","title":{"rendered":"Contact"},"content":{"rendered":"<div class=\"fusion-fullwidth fullwidth-box fusion-builder-row-1 fusion-flex-container has-pattern-background has-mask-background nonhundred-percent-fullwidth non-hundred-percent-height-scrolling\" style=\"--awb-border-radius-top-left:0px;--awb-border-radius-top-right:0px;--awb-border-radius-bottom-right:0px;--awb-border-radius-bottom-left:0px;--awb-flex-wrap:wrap;\" ><div class=\"fusion-builder-row fusion-row fusion-flex-align-items-flex-start fusion-flex-content-wrap\" style=\"max-width:1248px;margin-left: calc(-4% \/ 2 );margin-right: calc(-4% \/ 2 );\"><div class=\"fusion-layout-column fusion_builder_column fusion-builder-column-0 fusion_builder_column_2_3 2_3 fusion-flex-column\" style=\"--awb-bg-size:cover;--awb-width-large:66.666666666667%;--awb-margin-top-large:0px;--awb-spacing-right-large:2.88%;--awb-margin-bottom-large:20px;--awb-spacing-left-large:2.88%;--awb-width-medium:66.666666666667%;--awb-order-medium:0;--awb-spacing-right-medium:2.88%;--awb-spacing-left-medium:2.88%;--awb-width-small:100%;--awb-order-small:0;--awb-spacing-right-small:1.92%;--awb-spacing-left-small:1.92%;\"><div class=\"fusion-column-wrapper fusion-column-has-shadow fusion-flex-justify-content-flex-start fusion-content-layout-column\"><div class=\"fusion-form fusion-form-builder fusion-form-form-wrapper fusion-form-1185\" style=\"--awb-tooltip-text-color:#ffffff;--awb-tooltip-background-color:var(--awb-custom_color_1);--awb-form-label-color:var(--awb-color8);--awb-form-focus-border-color:var(--awb-custom_color_1);--awb-form-focus-border-hover-color:hsla(var(--awb-custom_color_1-h),var(--awb-custom_color_1-s),var(--awb-custom_color_1-l),calc(var(--awb-custom_color_1-a) - 50%));\" data-form-id=\"1185\" data-config=\"{&quot;form_id&quot;:1185,&quot;form_post_id&quot;:1185,&quot;post_id&quot;:450,&quot;form_type&quot;:&quot;ajax&quot;,&quot;confirmation_type&quot;:&quot;redirect&quot;,&quot;redirect_url&quot;:&quot;https:\\\/\\\/ibbg.ch\\\/kontaktnahme-danke\\\/&quot;,&quot;redirect_timeout&quot;:&quot;0&quot;,&quot;field_labels&quot;:{&quot;anrede&quot;:&quot;Titre de civilit\\u00e9&quot;,&quot;firma&quot;:&quot;Soci\\u00e9t\\u00e9&quot;,&quot;vorname&quot;:&quot;Pr\\u00e9nom&quot;,&quot;nachname&quot;:&quot;Nom&quot;,&quot;email&quot;:&quot;Email&quot;,&quot;ihr_anliegen&quot;:&quot;Votre demande&quot;,&quot;datenschutz_akzeptiert&quot;:&quot;Protection des donn\\u00e9es accept\\u00e9e&quot;},&quot;field_logics&quot;:{&quot;anrede&quot;:&quot;&quot;,&quot;firma&quot;:&quot;[{\\&quot;operator\\&quot;:\\&quot;and\\&quot;,\\&quot;comparison\\&quot;:\\&quot;equal\\&quot;,\\&quot;field\\&quot;:\\&quot;anrede\\&quot;,\\&quot;value\\&quot;:\\&quot;soci\\\\u00e9t\\\\u00e9\\&quot;}]&quot;,&quot;vorname&quot;:&quot;&quot;,&quot;nachname&quot;:&quot;&quot;,&quot;email&quot;:&quot;&quot;,&quot;ihr_anliegen&quot;:&quot;&quot;,&quot;datenschutz_akzeptiert&quot;:&quot;&quot;,&quot;submit_1&quot;:&quot;&quot;},&quot;field_types&quot;:{&quot;anrede&quot;:&quot;select&quot;,&quot;firma&quot;:&quot;text&quot;,&quot;vorname&quot;:&quot;text&quot;,&quot;nachname&quot;:&quot;text&quot;,&quot;email&quot;:&quot;email&quot;,&quot;ihr_anliegen&quot;:&quot;textarea&quot;,&quot;datenschutz_akzeptiert&quot;:&quot;consent&quot;,&quot;submit_1&quot;:&quot;submit&quot;},&quot;nonce_method&quot;:&quot;ajax&quot;,&quot;form_views&quot;:&quot;ajax&quot;,&quot;form_views_counting&quot;:&quot;all&quot;}\"><form action=\"https:\/\/ibbg.ch\/fr\/contact\/\" method=\"post\" class=\"fusion-form fusion-form-1185\"><div class=\"fusion-fullwidth fullwidth-box fusion-builder-row-1-1 fusion-flex-container has-pattern-background has-mask-background nonhundred-percent-fullwidth non-hundred-percent-height-scrolling\" style=\"--awb-border-radius-top-left:0px;--awb-border-radius-top-right:0px;--awb-border-radius-bottom-right:0px;--awb-border-radius-bottom-left:0px;--awb-flex-wrap:wrap;\" ><div class=\"fusion-builder-row fusion-row fusion-flex-align-items-flex-start fusion-flex-content-wrap\" style=\"width:104% !important;max-width:104% !important;margin-left: calc(-4% \/ 2 );margin-right: calc(-4% \/ 2 );\"><div class=\"fusion-layout-column fusion_builder_column fusion-builder-column-1 fusion_builder_column_1_1 1_1 fusion-flex-column\" style=\"--awb-padding-right:10px;--awb-padding-left:10px;--awb-bg-color:#72b1d8;--awb-bg-color-hover:#72b1d8;--awb-bg-size:cover;--awb-width-large:100%;--awb-flex-grow:0;--awb-flex-shrink:0;--awb-margin-top-large:0px;--awb-spacing-right-large:1.92%;--awb-margin-bottom-large:20px;--awb-spacing-left-large:1.92%;--awb-width-medium:100%;--awb-order-medium:0;--awb-flex-grow-medium:0;--awb-flex-shrink-medium:0;--awb-spacing-right-medium:1.92%;--awb-spacing-left-medium:1.92%;--awb-width-small:100%;--awb-order-small:0;--awb-flex-grow-small:0;--awb-flex-shrink-small:0;--awb-spacing-right-small:1.92%;--awb-spacing-left-small:1.92%;\" data-scroll-devices=\"small-visibility,medium-visibility,large-visibility\"><div class=\"fusion-column-wrapper fusion-column-has-shadow fusion-flex-justify-content-flex-start fusion-content-layout-column\"><div class=\"fusion-form-field fusion-form-select-field fusion-form-label-above\" style=\"\" data-form-id=\"1185\"><label for=\"anrede\">Titre de civilit\u00e9<\/label><div class=\"fusion-form-tooltip\"><i class=\"awb-icon-question-circle\"><\/i><span class=\"fusion-form-tooltip-content\">Titre de civilit\u00e9<\/span><\/div><div class=\"fusion-select-wrapper\"><select autocomplete=\"off\" tabindex=\"\" id=\"anrede\" name=\"anrede\" class=\"fusion-form-input\" data-holds-private-data=\"false\"><option value=\"\" disabled selected>Titre de civilit\u00e9<\/option><option value=\"Mme\" >Mme<\/option><option value=\"M.\" >M.<\/option><option value=\"Soci\u00e9t\u00e9\" >Soci\u00e9t\u00e9<\/option><\/select><div class=\"select-arrow\"><svg width=\"12\" height=\"8\" viewBox=\"0 0 12 8\" fill=\"none\" xmlns=\"http:\/\/www.w3.org\/2000\/svg\"> <path d=\"M1.5 1.75L6 6.25L10.5 1.75\" stroke=\"#6D6D6D\" stroke-width=\"2\" stroke-linecap=\"round\" stroke-linejoin=\"round\"\/> <\/svg><\/div><\/div><\/div><div class=\"fusion-form-field fusion-form-text-field fusion-form-label-above fusion-form-field-hidden\" style=\"\" data-form-id=\"1185\" data-form-element-name=\"text_1\"><div class=\"fusion-form-label-wrapper\"><label for=\"firma\">Soci\u00e9t\u00e9<\/label><div class=\"fusion-form-tooltip\"><i class=\"awb-icon-question-circle\"><\/i><span class=\"fusion-form-tooltip-content\">Nom de la soci\u00e9t\u00e9<\/span><\/div><\/div><input type=\"text\" autocomplete=\"off\" name=\"firma\" id=\"firma\" value=\"\"  class=\"fusion-form-input\" data-holds-private-data=\"false\" minlength=\"0\"\/><\/div><div class=\"fusion-form-field fusion-form-text-field fusion-form-label-above\" style=\"\" data-form-id=\"1185\"><div class=\"fusion-form-label-wrapper\"><label for=\"vorname\">Pr\u00e9nom <abbr class=\"fusion-form-element-required\" title=\"required\">*<\/abbr><\/label><\/div><input type=\"text\" autocomplete=\"off\"  data-empty-notice=\"Vorname?\" name=\"vorname\" id=\"vorname\" value=\"\"  class=\"fusion-form-input\" required=\"true\" aria-required=\"true\" placeholder=\"Pr\u00e9nom *\" data-holds-private-data=\"false\" minlength=\"0\"\/><\/div><div class=\"fusion-form-field fusion-form-text-field fusion-form-label-above\" style=\"\" data-form-id=\"1185\"><div class=\"fusion-form-label-wrapper\"><label for=\"nachname\">Nom <abbr class=\"fusion-form-element-required\" title=\"required\">*<\/abbr><\/label><\/div><input type=\"text\" autocomplete=\"off\"  data-empty-notice=\"Nachname?\" name=\"nachname\" id=\"nachname\" value=\"\"  class=\"fusion-form-input\" required=\"true\" aria-required=\"true\" placeholder=\"Nom *\" data-holds-private-data=\"false\" minlength=\"0\"\/><\/div><div class=\"fusion-form-field fusion-form-email-field fusion-form-label-above\" style=\"\" data-form-id=\"1185\"><div class=\"fusion-form-label-wrapper\"><label for=\"email\">Email <abbr class=\"fusion-form-element-required\" title=\"required\">*<\/abbr><\/label><\/div><input type=\"email\" autocomplete=\"off\"  data-empty-notice=\"Email?\" name=\"email\" id=\"email\" value=\"\"  class=\"fusion-form-input\" required=\"true\" aria-required=\"true\" placeholder=\"Email *\" data-holds-private-data=\"false\"\/><\/div><div class=\"fusion-form-field fusion-form-textarea-field fusion-form-label-above\" style=\"\" data-form-id=\"1185\"><label for=\"ihr_anliegen\">Votre demande<\/label><textarea cols=\"40\" autocomplete=\"off\"  minlength=\"0\"  rows=\"2\" tabindex=\"\" id=\"ihr_anliegen\" name=\"ihr_anliegen\" class=\"fusion-form-input\" placeholder=\"Votre pr\u00e9occupation \" data-holds-private-data=\"false\"><\/textarea><\/div><div class=\"fusion-form-field fusion-form-consent-field fusion-form-label-above Datenschutzcheckbox\" style=\"\" data-form-id=\"1185\"><div class=\"fusion-form-label-wrapper\"><label for=\"datenschutz_akzeptiert\">Protection des donn\u00e9es accept\u00e9e <abbr class=\"fusion-form-element-required\" title=\"required\">*<\/abbr><\/label><\/div><div class=\"fusion-form-checkbox option-inline\"><input tabindex=\"\" id=\"datenschutz_akzeptiert\" type=\"checkbox\" value=\"1\" name=\"datenschutz_akzeptiert\" class=\"fusion-form-input\" required=\"true\" aria-required=\"true\"\/><label for=\"datenschutz_akzeptiert\">Vous devez accepter la politique de confidentialit\u00e9. Consultez la politique de confidentialit\u00e9 sur notre page d\u00e9di\u00e9e ! <\/label><\/div><\/div><div class=\"fusion-form-field fusion-form-submit-field fusion-form-label-above\" style=\"\" data-form-id=\"1185\"><div ><button type=\"submit\" class=\"fusion-button button-3d button-small button-default fusion-button-default button-1 fusion-button-default-span  button-default form-form-submit\" style=\"--button_typography-font-family:-apple-system, BlinkMacSystemFont, &#039;Segoe UI&#039;, Roboto, Oxygen-Sans, Ubuntu, Cantarell, &#039;Helvetica Neue&#039; ,sans-serif;--button_typography-font-style:normal;--button_typography-font-weight:400;\" data-hover=\"icon_slide\" data-form-number=\"1185\" tabindex=\"\"><i class=\"fa-paper-plane fas awb-button__icon awb-button__icon--default button-icon-left\" aria-hidden=\"true\"><\/i><span class=\"fusion-button-text awb-button__text awb-button__text--default\">Envoyer<\/span><\/button><\/div><\/div><\/div><\/div><\/div><\/div><input type=\"hidden\" name=\"fusion_privacy_expiration_interval\" value=\"48\"><input type=\"hidden\" name=\"privacy_expiration_action\" value=\"anonymize\"><\/form><\/div><\/div><\/div><div class=\"fusion-layout-column fusion_builder_column fusion-builder-column-2 fusion_builder_column_1_4 1_4 fusion-flex-column\" style=\"--awb-bg-size:cover;--awb-width-large:25%;--awb-flex-grow:0;--awb-flex-shrink:0;--awb-margin-top-large:0px;--awb-spacing-right-large:7.68%;--awb-margin-bottom-large:20px;--awb-spacing-left-large:7.68%;--awb-width-medium:25%;--awb-order-medium:0;--awb-flex-grow-medium:0;--awb-flex-shrink-medium:0;--awb-spacing-right-medium:7.68%;--awb-spacing-left-medium:7.68%;--awb-width-small:100%;--awb-order-small:0;--awb-flex-grow-small:0;--awb-flex-shrink-small:0;--awb-spacing-right-small:1.92%;--awb-spacing-left-small:1.92%;\"><div class=\"fusion-column-wrapper fusion-column-has-shadow fusion-flex-justify-content-flex-start fusion-content-layout-column\"><div class=\"fusion-title title fusion-title-1 fusion-sep-none fusion-title-text fusion-title-size-one\" style=\"--awb-margin-top-small:10px;--awb-margin-right-small:0px;--awb-margin-bottom-small:10px;--awb-margin-left-small:0px;\"><h1 class=\"fusion-title-heading title-heading-left\" style=\"margin:0;\"><h2>Contact<\/h2><\/h1><\/div><div class=\"fusion-text fusion-text-1\"><p>Vous pouvez joindre notre secr\u00e9tariat \u00e0 l&rsquo;adresse suivante :<br \/>\nT\u00e9l. : 062 311 83 62 ou<br \/>\n<a href=\"mailto:sekretariat@ibbg.ch?subject=Kontakt%20ab%20Website%20ibbg.ch\">sekretariat@ibbg.ch<\/a> ou via le formulaire de contact<\/p>\n<p><strong>Heures d&rsquo;ouverture :<\/strong><br \/>\nJoignable par t\u00e9l\u00e9phone le<br \/>\nLundi &amp; jeudi<br \/>\n9:00 &#8211; 12:00 \/ 14:00 &#8211; 17:00<\/p>\n<p>Mardi &amp; mercredi<br \/>\n14:00 &#8211; 17:00<\/p>\n<\/div><\/div><\/div><\/div><\/div>\n","protected":false},"excerpt":{"rendered":"","protected":false},"author":1,"featured_media":0,"parent":0,"menu_order":0,"comment_status":"closed","ping_status":"closed","template":"100-width.php","meta":{"footnotes":""},"class_list":["post-450","page","type-page","status-publish","hentry"],"_links":{"self":[{"href":"https:\/\/ibbg.ch\/fr\/wp-json\/wp\/v2\/pages\/450","targetHints":{"allow":["GET"]}}],"collection":[{"href":"https:\/\/ibbg.ch\/fr\/wp-json\/wp\/v2\/pages"}],"about":[{"href":"https:\/\/ibbg.ch\/fr\/wp-json\/wp\/v2\/types\/page"}],"author":[{"embeddable":true,"href":"https:\/\/ibbg.ch\/fr\/wp-json\/wp\/v2\/users\/1"}],"replies":[{"embeddable":true,"href":"https:\/\/ibbg.ch\/fr\/wp-json\/wp\/v2\/comments?post=450"}],"version-history":[{"count":3,"href":"https:\/\/ibbg.ch\/fr\/wp-json\/wp\/v2\/pages\/450\/revisions"}],"predecessor-version":[{"id":1181,"href":"https:\/\/ibbg.ch\/fr\/wp-json\/wp\/v2\/pages\/450\/revisions\/1181"}],"wp:attachment":[{"href":"https:\/\/ibbg.ch\/fr\/wp-json\/wp\/v2\/media?parent=450"}],"curies":[{"name":"wp","href":"https:\/\/api.w.org\/{rel}","templated":true}]}}