{"id":442,"date":"2025-03-23T10:05:36","date_gmt":"2025-03-23T10:05:36","guid":{"rendered":"https:\/\/ibbg.ch.hira.ch-meta.net\/mentions-legales\/"},"modified":"2025-07-28T13:59:38","modified_gmt":"2025-07-28T13:59:38","slug":"mentions-legales","status":"publish","type":"page","link":"https:\/\/ibbg.ch\/fr\/mentions-legales\/","title":{"rendered":"Mentions l\u00e9gales"},"content":{"rendered":"<div class=\"fusion-fullwidth fullwidth-box fusion-builder-row-1 fusion-flex-container has-pattern-background has-mask-background nonhundred-percent-fullwidth non-hundred-percent-height-scrolling\" style=\"--awb-border-radius-top-left:0px;--awb-border-radius-top-right:0px;--awb-border-radius-bottom-right:0px;--awb-border-radius-bottom-left:0px;--awb-flex-wrap:wrap;\" ><div class=\"fusion-builder-row fusion-row fusion-flex-align-items-flex-start fusion-flex-content-wrap\" style=\"max-width:1248px;margin-left: calc(-4% \/ 2 );margin-right: calc(-4% \/ 2 );\"><div class=\"fusion-layout-column fusion_builder_column fusion-builder-column-0 fusion_builder_column_1_1 1_1 fusion-flex-column\" style=\"--awb-bg-size:cover;--awb-width-large:100%;--awb-margin-top-large:0px;--awb-spacing-right-large:1.92%;--awb-margin-bottom-large:20px;--awb-spacing-left-large:1.92%;--awb-width-medium:100%;--awb-order-medium:0;--awb-spacing-right-medium:1.92%;--awb-spacing-left-medium:1.92%;--awb-width-small:100%;--awb-order-small:0;--awb-spacing-right-small:1.92%;--awb-spacing-left-small:1.92%;\"><div class=\"fusion-column-wrapper fusion-column-has-shadow fusion-flex-justify-content-flex-start fusion-content-layout-column\"><div class=\"fusion-title title fusion-title-1 fusion-sep-none fusion-title-text fusion-title-size-one\" style=\"--awb-margin-top-small:10px;--awb-margin-right-small:0px;--awb-margin-bottom-small:10px;--awb-margin-left-small:0px;\"><h1 class=\"fusion-title-heading title-heading-left\" style=\"margin:0;\"><h1>Mentions l\u00e9gales<\/h1><\/h1><\/div><div class=\"fusion-text fusion-text-1\"><p><strong>Adresse<\/strong><br \/>\nIBBG Interessengemeinschaft<br \/>\nBerufsbildung Bekleidungsgestalter\/in (Communaut\u00e9 d&rsquo;int\u00e9r\u00eats pour la formation professionnelle des cr\u00e9ateurs de mode)<br \/>\nAarauerstrasse 30 \/ Case postale 268<br \/>\n4601 Olten<br \/>\nT\u00e9l\u00e9phone +41 62 311 83 62<\/p>\n<p><strong>E-Mail<\/strong><br \/>\nsekretariat@ibbg.ch<\/p>\n<p><strong>directeur g\u00e9n\u00e9ral<\/strong><br \/>\nGeorg Berger<\/p>\n<p><strong>\u00c9diteur et responsable du contenu des pages Internet<\/strong><br \/>\nIBBG Communaut\u00e9 d&rsquo;int\u00e9r\u00eats pour la formation professionnelle des cr\u00e9ateurs de mode<br \/>\nGeorg Berger<\/p>\n<p><strong>Concept, texte et mise en page<\/strong><br \/>\nIBBG Communaut\u00e9 d&rsquo;int\u00e9r\u00eats pour la formation professionnelle des cr\u00e9ateurs de mode<br \/>\nGeorg Berger<\/p>\n<p><strong>Avec l&rsquo;aimable soutien de :<\/strong><br \/>\nLaudatio Internetdienste SEO-Emmental, <a href=\"https:\/\/seo-emmental.ch\" target=\"_blank\" rel=\"noopener\">www.seo-emmental.ch<\/a><\/p>\n<p><strong>Sources des images<\/strong><br \/>\nIBBG Communaut\u00e9 d&rsquo;int\u00e9r\u00eats pour la formation professionnelle des cr\u00e9ateurs de mode<br \/>\nGeorg Berger<\/p>\n<p><strong>Clause de non-responsabilit\u00e9 \/ Exclusion de responsabilit\u00e9<\/strong><br \/>\nL&rsquo;\u00e9diteur ne garantit pas l&rsquo;actualit\u00e9, l&rsquo;exactitude, l&rsquo;exhaustivit\u00e9 et la qualit\u00e9 des informations fournies. L&rsquo;\u00e9diteur ne peut en aucun cas \u00eatre tenu responsable des pertes ou dommages mat\u00e9riels ou immat\u00e9riels pouvant r\u00e9sulter de l&rsquo;utilisation ou de la non-utilisation des informations fournies ou de l&rsquo;utilisation d&rsquo;informations erron\u00e9es ou incompl\u00e8tes. L&rsquo;\u00e9diteur se r\u00e9serve express\u00e9ment le droit de modifier, de supprimer ou de ne pas publier temporairement tout ou partie du contenu \u00e0 tout moment et sans pr\u00e9avis.  <\/p>\n<p>L&rsquo;\u00e9diteur n&rsquo;a pas v\u00e9rifi\u00e9 les sites web tiers, c&rsquo;est-\u00e0-dire ceux qui ne se trouvent pas sur vos serveurs ou dans votre sph\u00e8re d&rsquo;influence, qui peuvent \u00eatre li\u00e9s \u00e0 ce site web par des liens (hyperliens), et n&rsquo;assume aucune responsabilit\u00e9 quant \u00e0 leur contenu, aux produits, services ou autres offres qui y sont propos\u00e9s.<\/p>\n<p><strong>Droits d&rsquo;auteur<\/strong><br \/>\nL&rsquo;ensemble du contenu et la structure des pages web sont prot\u00e9g\u00e9s par le droit d&rsquo;auteur. La reproduction totale ou partielle, la transmission \u00e9lectronique ou par d&rsquo;autres moyens, la modification ou l&rsquo;utilisation \u00e0 des fins publiques ou commerciales sont interdites sans l&rsquo;accord \u00e9crit pr\u00e9alable de l&rsquo;\u00e9diteur. <\/p>\n<p><strong>Communication par e-mail<\/strong><br \/>\nLa communication par e-mail avec l&rsquo;\u00e9diteur se fait actuellement de mani\u00e8re ouverte et non crypt\u00e9e. Il n&rsquo;est donc pas exclu que les donn\u00e9es ainsi envoy\u00e9es puissent \u00eatre consult\u00e9es par des tiers et que les contacts pris avec notre institution puissent \u00eatre retrac\u00e9s. En outre, les donn\u00e9es peuvent circuler au-del\u00e0 des fronti\u00e8res, m\u00eame si l&rsquo;exp\u00e9diteur et le destinataire se trouvent dans le m\u00eame pays. La confidentialit\u00e9 des communications par e-mail n&rsquo;est donc pas garantie.<\/p>\n<\/div><\/div><\/div><\/div><\/div>\n","protected":false},"excerpt":{"rendered":"","protected":false},"author":1,"featured_media":0,"parent":0,"menu_order":0,"comment_status":"closed","ping_status":"closed","template":"100-width.php","meta":{"footnotes":""},"class_list":["post-442","page","type-page","status-publish","hentry"],"_links":{"self":[{"href":"https:\/\/ibbg.ch\/fr\/wp-json\/wp\/v2\/pages\/442","targetHints":{"allow":["GET"]}}],"collection":[{"href":"https:\/\/ibbg.ch\/fr\/wp-json\/wp\/v2\/pages"}],"about":[{"href":"https:\/\/ibbg.ch\/fr\/wp-json\/wp\/v2\/types\/page"}],"author":[{"embeddable":true,"href":"https:\/\/ibbg.ch\/fr\/wp-json\/wp\/v2\/users\/1"}],"replies":[{"embeddable":true,"href":"https:\/\/ibbg.ch\/fr\/wp-json\/wp\/v2\/comments?post=442"}],"version-history":[{"count":8,"href":"https:\/\/ibbg.ch\/fr\/wp-json\/wp\/v2\/pages\/442\/revisions"}],"predecessor-version":[{"id":1574,"href":"https:\/\/ibbg.ch\/fr\/wp-json\/wp\/v2\/pages\/442\/revisions\/1574"}],"wp:attachment":[{"href":"https:\/\/ibbg.ch\/fr\/wp-json\/wp\/v2\/media?parent=442"}],"curies":[{"name":"wp","href":"https:\/\/api.w.org\/{rel}","templated":true}]}}