{"id":422,"date":"2025-03-23T09:53:44","date_gmt":"2025-03-23T09:53:44","guid":{"rendered":"https:\/\/ibbg.ch.hira.ch-meta.net\/fashiondesigner-eps\/"},"modified":"2025-07-08T09:22:06","modified_gmt":"2025-07-08T09:22:06","slug":"fashiondesigner-eps","status":"publish","type":"page","link":"https:\/\/ibbg.ch\/fr\/fashiondesigner-eps\/","title":{"rendered":"Fashiondesigner EPS"},"content":{"rendered":"<div class=\"fusion-fullwidth fullwidth-box fusion-builder-row-1 fusion-flex-container has-pattern-background has-mask-background hundred-percent-fullwidth non-hundred-percent-height-scrolling\" style=\"--awb-border-radius-top-left:0px;--awb-border-radius-top-right:0px;--awb-border-radius-bottom-right:0px;--awb-border-radius-bottom-left:0px;--awb-padding-right:5%;--awb-padding-left:5%;--awb-flex-wrap:wrap;\" ><div class=\"fusion-builder-row fusion-row fusion-flex-align-items-flex-start fusion-flex-content-wrap\" style=\"width:104% !important;max-width:104% !important;margin-left: calc(-4% \/ 2 );margin-right: calc(-4% \/ 2 );\"><div class=\"fusion-layout-column fusion_builder_column fusion-builder-column-0 fusion_builder_column_1_1 1_1 fusion-flex-column\" style=\"--awb-bg-size:cover;--awb-width-large:100%;--awb-margin-top-large:0px;--awb-spacing-right-large:1.92%;--awb-margin-bottom-large:20px;--awb-spacing-left-large:1.92%;--awb-width-medium:100%;--awb-order-medium:0;--awb-spacing-right-medium:1.92%;--awb-spacing-left-medium:1.92%;--awb-width-small:100%;--awb-order-small:0;--awb-spacing-right-small:1.92%;--awb-spacing-left-small:1.92%;\"><div class=\"fusion-column-wrapper fusion-column-has-shadow fusion-flex-justify-content-flex-start fusion-content-layout-column\"><div class=\"fusion-title title fusion-title-1 fusion-sep-none fusion-title-text fusion-title-size-one\" style=\"--awb-margin-top-small:10px;--awb-margin-right-small:0px;--awb-margin-bottom-small:10px;--awb-margin-left-small:0px;\"><h1 class=\"fusion-title-heading title-heading-left\" style=\"margin:0;\"><h1>Fashion-Designer-EPS<\/h1><\/h1><\/div><div class=\"fusion-text fusion-text-1\"><p>Les fashiondesigners EPS travaillent dans l&rsquo;industrie de l&rsquo;habillement et dans le commerce, par exemple pour des maisons de couture nationales ou internationales ou pour des r\u00e9dactions de mode et bureaux de tendances. Ils sont coresponsables des analyses des tendances, des concepts et des \u00e9bauches de mod\u00e8les et cr\u00e9ent les supports techniques et planches de tendances correspondants.<br \/>Cours pr\u00e9paratoires \u00e0 l&rsquo;examen professionnel sup\u00e9rieur de Fashion Designer avec dipl\u00f4me f\u00e9d\u00e9ral. D\u00e8s ao\u00fbt 2024 \u00e0 l&rsquo;Institut Technologies de la Mode \u00e0 Sierre. <\/p>\n<p><a href=\"https:\/\/ibbg.ch\/wp-content\/uploads\/2025\/oeffDokumente\/FR\/Weiterbildung-Fashiondesigner\/PO_90330_f_Fashiondesigner.pdf\" target=\"_blank\" rel=\"noopener\">R\u00e8glement d&rsquo;examen Fashiondesigner<\/a><br \/>\n<a href=\"https:\/\/ibbg.ch\/wp-content\/uploads\/2025\/oeffDokumente\/FR\/Weiterbildung-Fashiondesigner\/2024-05-FD-WL_D_Unterschrift.pdf\" target=\"_blank\" rel=\"noopener\">Guide du cr\u00e9ateur de mode 202405<\/a><\/p>\n<p><a href=\"https:\/\/www.stf.ch\/kurse\/hfp-fashiondesigner\/\" target=\"_blank\" rel=\"noopener\">Informations sur la formation<\/a><\/p>\n<\/div><\/div><\/div><\/div><\/div>\n","protected":false},"excerpt":{"rendered":"","protected":false},"author":1,"featured_media":0,"parent":0,"menu_order":0,"comment_status":"closed","ping_status":"closed","template":"100-width.php","meta":{"footnotes":""},"class_list":["post-422","page","type-page","status-publish","hentry"],"_links":{"self":[{"href":"https:\/\/ibbg.ch\/fr\/wp-json\/wp\/v2\/pages\/422","targetHints":{"allow":["GET"]}}],"collection":[{"href":"https:\/\/ibbg.ch\/fr\/wp-json\/wp\/v2\/pages"}],"about":[{"href":"https:\/\/ibbg.ch\/fr\/wp-json\/wp\/v2\/types\/page"}],"author":[{"embeddable":true,"href":"https:\/\/ibbg.ch\/fr\/wp-json\/wp\/v2\/users\/1"}],"replies":[{"embeddable":true,"href":"https:\/\/ibbg.ch\/fr\/wp-json\/wp\/v2\/comments?post=422"}],"version-history":[{"count":8,"href":"https:\/\/ibbg.ch\/fr\/wp-json\/wp\/v2\/pages\/422\/revisions"}],"predecessor-version":[{"id":1345,"href":"https:\/\/ibbg.ch\/fr\/wp-json\/wp\/v2\/pages\/422\/revisions\/1345"}],"wp:attachment":[{"href":"https:\/\/ibbg.ch\/fr\/wp-json\/wp\/v2\/media?parent=422"}],"curies":[{"name":"wp","href":"https:\/\/api.w.org\/{rel}","templated":true}]}}