{"id":372,"date":"2025-03-23T09:28:17","date_gmt":"2025-03-23T09:28:17","guid":{"rendered":"https:\/\/ibbg.ch.hira.ch-meta.net\/domaines-specifiques\/"},"modified":"2025-04-08T09:15:41","modified_gmt":"2025-04-08T09:15:41","slug":"domaines-specifiques","status":"publish","type":"page","link":"https:\/\/ibbg.ch\/fr\/domaines-specifiques\/","title":{"rendered":"Domaines specifiques"},"content":{"rendered":"<div class=\"fusion-fullwidth fullwidth-box fusion-builder-row-1 fusion-flex-container has-pattern-background has-mask-background hundred-percent-fullwidth non-hundred-percent-height-scrolling\" style=\"--awb-border-radius-top-left:0px;--awb-border-radius-top-right:0px;--awb-border-radius-bottom-right:0px;--awb-border-radius-bottom-left:0px;--awb-padding-right:5%;--awb-padding-left:5%;--awb-flex-wrap:wrap;\" ><div class=\"fusion-builder-row fusion-row fusion-flex-align-items-flex-start fusion-flex-content-wrap\" style=\"width:104% !important;max-width:104% !important;margin-left: calc(-4% \/ 2 );margin-right: calc(-4% \/ 2 );\"><div class=\"fusion-layout-column fusion_builder_column fusion-builder-column-0 fusion_builder_column_1_1 1_1 fusion-flex-column\" style=\"--awb-bg-size:cover;--awb-width-large:100%;--awb-margin-top-large:0px;--awb-spacing-right-large:1.92%;--awb-margin-bottom-large:20px;--awb-spacing-left-large:1.92%;--awb-width-medium:100%;--awb-order-medium:0;--awb-spacing-right-medium:1.92%;--awb-spacing-left-medium:1.92%;--awb-width-small:100%;--awb-order-small:0;--awb-spacing-right-small:1.92%;--awb-spacing-left-small:1.92%;\"><div class=\"fusion-column-wrapper fusion-column-has-shadow fusion-flex-justify-content-flex-start fusion-content-layout-column\"><div class=\"fusion-title title fusion-title-1 fusion-sep-none fusion-title-text fusion-title-size-one\" style=\"--awb-margin-top-small:10px;--awb-margin-right-small:0px;--awb-margin-bottom-small:10px;--awb-margin-left-small:0px;\"><h1 class=\"fusion-title-heading title-heading-left\" style=\"margin:0;\"><h1>Domaines specifiques<\/h1><\/h1><\/div><div class=\"fusion-text fusion-text-1\"><p>Au sein de la profession de cr\u00e9ateur de v\u00eatements de niveau CFC, il existe les cinq sp\u00e9cialisations suivantes : V\u00eatements pour femmes, v\u00eatements pour hommes, v\u00eatements en fourrure, chapellerie et v\u00eatements professionnels et de protection. L&rsquo;orientation est d\u00e9termin\u00e9e avant le d\u00e9but de la formation professionnelle initiale et est mentionn\u00e9e dans le contrat d&rsquo;apprentissage.<\/p>\n<\/div><div class=\"fusion-separator\" style=\"align-self: center;margin-left: auto;margin-right: auto;margin-top:20px;margin-bottom:20px;width:100%;max-width:80%;\"><div class=\"fusion-separator-border sep-single sep-solid\" style=\"--awb-height:20px;--awb-amount:20px;--awb-sep-color:var(--awb-custom_color_1);border-color:var(--awb-custom_color_1);border-top-width:1px;\"><\/div><\/div><div class=\"fusion-builder-row fusion-builder-row-inner fusion-row fusion-flex-align-items-flex-start fusion-flex-content-wrap\" style=\"--awb-flex-grow:0;--awb-flex-grow-medium:0;--awb-flex-grow-small:0;--awb-flex-shrink:0;--awb-flex-shrink-medium:0;--awb-flex-shrink-small:0;width:104% !important;max-width:104% !important;margin-left: calc(-4% \/ 2 );margin-right: calc(-4% \/ 2 );\"><div class=\"fusion-layout-column fusion_builder_column_inner fusion-builder-nested-column-0 fusion_builder_column_inner_2_5 2_5 fusion-flex-column\" style=\"--awb-bg-size:cover;--awb-width-large:40%;--awb-margin-top-large:0px;--awb-spacing-right-large:4.8%;--awb-margin-bottom-large:20px;--awb-spacing-left-large:4.8%;--awb-width-medium:40%;--awb-order-medium:0;--awb-spacing-right-medium:4.8%;--awb-spacing-left-medium:4.8%;--awb-width-small:100%;--awb-order-small:0;--awb-spacing-right-small:1.92%;--awb-spacing-left-small:1.92%;\"><div class=\"fusion-column-wrapper fusion-column-has-shadow fusion-flex-justify-content-flex-start fusion-content-layout-column\"><div class=\"fusion-image-element \" style=\"text-align:center;--awb-max-width:320px;--awb-caption-title-font-family:var(--h2_typography-font-family);--awb-caption-title-font-weight:var(--h2_typography-font-weight);--awb-caption-title-font-style:var(--h2_typography-font-style);--awb-caption-title-size:var(--h2_typography-font-size);--awb-caption-title-transform:var(--h2_typography-text-transform);--awb-caption-title-line-height:var(--h2_typography-line-height);--awb-caption-title-letter-spacing:var(--h2_typography-letter-spacing);\"><span class=\" fusion-imageframe imageframe-none imageframe-1 hover-type-none\"><img decoding=\"async\" width=\"300\" height=\"300\" alt=\"Poup\u00e9e femme\" title=\"DamenPuppe\" src=\"https:\/\/ibbg.ch\/wp-content\/uploads\/2025\/04\/DamenPuppe-300x300.jpg\" class=\"img-responsive wp-image-707\" srcset=\"https:\/\/ibbg.ch\/wp-content\/uploads\/2025\/04\/DamenPuppe-200x200.jpg 200w, https:\/\/ibbg.ch\/wp-content\/uploads\/2025\/04\/DamenPuppe.jpg 356w\" sizes=\"(max-width: 640px) 100vw, 300px\" \/><\/span><\/div><\/div><\/div><div class=\"fusion-layout-column fusion_builder_column_inner fusion-builder-nested-column-1 fusion_builder_column_inner_3_5 3_5 fusion-flex-column\" style=\"--awb-bg-size:cover;--awb-width-large:60%;--awb-margin-top-large:0px;--awb-spacing-right-large:3.2%;--awb-margin-bottom-large:20px;--awb-spacing-left-large:3.2%;--awb-width-medium:60%;--awb-order-medium:0;--awb-spacing-right-medium:3.2%;--awb-spacing-left-medium:3.2%;--awb-width-small:100%;--awb-order-small:0;--awb-spacing-right-small:1.92%;--awb-spacing-left-small:1.92%;\"><div class=\"fusion-column-wrapper fusion-column-has-shadow fusion-flex-justify-content-flex-start fusion-content-layout-column\"><div class=\"fusion-text fusion-text-2\"><p><strong>V\u00eatements pour femmes<br \/>\n<\/strong>Les cr\u00e9ateurs de v\u00eatements sp\u00e9cialis\u00e9s dans les v\u00eatements pour femmes con\u00e7oivent et fabriquent des v\u00eatements \u00e0 la mode sur mesure ou en petites s\u00e9ries selon les mod\u00e8les et les souhaits individuels des clients. Ils ex\u00e9cutent la commande depuis le d\u00e9but jusqu&rsquo;\u00e0 la pi\u00e8ce unique finie. Ils peuvent confectionner des robes et des manteaux, des robes de mari\u00e9e et des robes de soir\u00e9e \u00e9l\u00e9gantes. En outre, ils travaillent tous les tissus tels que la soie, les broderies et les tissus robustes pour manteaux.   <\/p>\n<p>Les cr\u00e9ateurs de v\u00eatements tentent d&rsquo;adapter le courant de la mode \u00e0 la personnalit\u00e9 du client, toujours en tenant compte de son style personnel. Parfois, ils cr\u00e9ent eux-m\u00eames des mod\u00e8les. Ils fabriquent les v\u00eatements de A \u00e0 Z : ils cr\u00e9ent le patron, calculent les besoins en tissu, coupent, cousent et cousent \u00e0 la main et \u00e0 la machine. Entre-temps, il y a des essayages ; des modifications sont \u00e9ventuellement apport\u00e9es afin que la cliente obtienne un v\u00eatement parfaitement ajust\u00e9 et finement travaill\u00e9. Le point culminant de chaque cr\u00e9ateur de v\u00eatements est le d\u00e9fil\u00e9 de mode en Suisse ou \u00e0 l&rsquo;\u00e9tranger. Ils s&rsquo;informent ainsi de la mode \u00e0 venir et des tendances en cours, qu&rsquo;ils int\u00e8grent ensuite dans leur travail.<\/p>\n<\/div><\/div><\/div><div class=\"fusion-layout-column fusion_builder_column_inner fusion-builder-nested-column-2 fusion_builder_column_inner_2_5 2_5 fusion-flex-column\" style=\"--awb-bg-size:cover;--awb-width-large:40%;--awb-margin-top-large:0px;--awb-spacing-right-large:4.8%;--awb-margin-bottom-large:20px;--awb-spacing-left-large:4.8%;--awb-width-medium:40%;--awb-order-medium:0;--awb-spacing-right-medium:4.8%;--awb-spacing-left-medium:4.8%;--awb-width-small:100%;--awb-order-small:0;--awb-spacing-right-small:1.92%;--awb-spacing-left-small:1.92%;\"><div class=\"fusion-column-wrapper fusion-column-has-shadow fusion-flex-justify-content-flex-start fusion-content-layout-column\"><div class=\"fusion-image-element \" style=\"text-align:center;--awb-max-width:320px;--awb-caption-title-font-family:var(--h2_typography-font-family);--awb-caption-title-font-weight:var(--h2_typography-font-weight);--awb-caption-title-font-style:var(--h2_typography-font-style);--awb-caption-title-size:var(--h2_typography-font-size);--awb-caption-title-transform:var(--h2_typography-text-transform);--awb-caption-title-line-height:var(--h2_typography-line-height);--awb-caption-title-letter-spacing:var(--h2_typography-letter-spacing);\"><span class=\" fusion-imageframe imageframe-none imageframe-2 hover-type-none\"><img decoding=\"async\" width=\"300\" height=\"300\" alt=\"D\u00e9tail du costume masculin\" title=\"MaennerAnzugDetail\" src=\"https:\/\/ibbg.ch\/wp-content\/uploads\/2025\/04\/MaennerAnzugDetail-300x300.jpg\" class=\"img-responsive wp-image-710\" srcset=\"https:\/\/ibbg.ch\/wp-content\/uploads\/2025\/04\/MaennerAnzugDetail-200x200.jpg 200w, https:\/\/ibbg.ch\/wp-content\/uploads\/2025\/04\/MaennerAnzugDetail.jpg 356w\" sizes=\"(max-width: 640px) 100vw, 300px\" \/><\/span><\/div><\/div><\/div><div class=\"fusion-layout-column fusion_builder_column_inner fusion-builder-nested-column-3 fusion_builder_column_inner_3_5 3_5 fusion-flex-column\" style=\"--awb-bg-size:cover;--awb-width-large:60%;--awb-margin-top-large:0px;--awb-spacing-right-large:3.2%;--awb-margin-bottom-large:20px;--awb-spacing-left-large:3.2%;--awb-width-medium:60%;--awb-order-medium:0;--awb-spacing-right-medium:3.2%;--awb-spacing-left-medium:3.2%;--awb-width-small:100%;--awb-order-small:0;--awb-spacing-right-small:1.92%;--awb-spacing-left-small:1.92%;\"><div class=\"fusion-column-wrapper fusion-column-has-shadow fusion-flex-justify-content-flex-start fusion-content-layout-column\"><div class=\"fusion-text fusion-text-3\"><p><strong>V\u00eatements pour hommes<br \/>\n<\/strong>Les cr\u00e9ateurs de v\u00eatements sp\u00e9cialis\u00e9s dans les v\u00eatements pour hommes con\u00e7oivent et fabriquent des v\u00eatements \u00e0 la mode sur mesure d&rsquo;apr\u00e8s un mod\u00e8le et les souhaits individuels de la client\u00e8le. Ils ex\u00e9cutent la commande du d\u00e9but jusqu&rsquo;\u00e0 la pi\u00e8ce unique finie. Dans le domaine des v\u00eatements pour hommes, les cr\u00e9ateurs de v\u00eatements cousent des vestons, des pantalons, des manteaux pour hommes et des costumes, tout ce que les hommes soucieux de la mode aiment. Ils travaillent avec un choix cibl\u00e9 de tissus, par exemple, de nombreux costumes sont fabriqu\u00e9s dans des tissus discrets.  <\/p>\n<p>Les cr\u00e9ateurs de v\u00eatements tentent d&rsquo;adapter le courant de la mode \u00e0 la personnalit\u00e9 du client, toujours en tenant compte de son style personnel. Parfois, ils cr\u00e9ent eux-m\u00eames des mod\u00e8les. Ils fabriquent les v\u00eatements de A \u00e0 Z : ils cr\u00e9ent le patron, calculent les besoins en tissu, coupent, cousent et cousent \u00e0 la main et \u00e0 la machine. Entre-temps, il y a des essayages ; des modifications sont \u00e9ventuellement apport\u00e9es afin que le client re\u00e7oive un v\u00eatement parfaitement ajust\u00e9 et finement travaill\u00e9. Le point culminant de chaque cr\u00e9ateur de v\u00eatements est le d\u00e9fil\u00e9 de mode en Suisse ou \u00e0 l&rsquo;\u00e9tranger. Ils s&rsquo;informent ainsi de la mode \u00e0 venir et des tendances en cours, qu&rsquo;ils int\u00e8grent ensuite dans leur travail.<\/p>\n<\/div><\/div><\/div><div class=\"fusion-layout-column fusion_builder_column_inner fusion-builder-nested-column-4 fusion_builder_column_inner_2_5 2_5 fusion-flex-column\" style=\"--awb-bg-size:cover;--awb-width-large:40%;--awb-margin-top-large:0px;--awb-spacing-right-large:4.8%;--awb-margin-bottom-large:20px;--awb-spacing-left-large:4.8%;--awb-width-medium:40%;--awb-order-medium:0;--awb-spacing-right-medium:4.8%;--awb-spacing-left-medium:4.8%;--awb-width-small:100%;--awb-order-small:0;--awb-spacing-right-small:1.92%;--awb-spacing-left-small:1.92%;\"><div class=\"fusion-column-wrapper fusion-column-has-shadow fusion-flex-justify-content-flex-start fusion-content-layout-column\"><div class=\"fusion-image-element \" style=\"text-align:center;--awb-max-width:320px;--awb-caption-title-font-family:var(--h2_typography-font-family);--awb-caption-title-font-weight:var(--h2_typography-font-weight);--awb-caption-title-font-style:var(--h2_typography-font-style);--awb-caption-title-size:var(--h2_typography-font-size);--awb-caption-title-transform:var(--h2_typography-text-transform);--awb-caption-title-line-height:var(--h2_typography-line-height);--awb-caption-title-letter-spacing:var(--h2_typography-letter-spacing);\"><span class=\" fusion-imageframe imageframe-none imageframe-3 hover-type-none\"><img decoding=\"async\" width=\"300\" height=\"300\" alt=\"D\u00e9tail de la PELCE\" title=\"PELZ1detailnm\" src=\"https:\/\/ibbg.ch\/wp-content\/uploads\/2025\/04\/PELZ1detailnm-300x300.jpg\" class=\"img-responsive wp-image-716\" srcset=\"https:\/\/ibbg.ch\/wp-content\/uploads\/2025\/04\/PELZ1detailnm-200x200.jpg 200w, https:\/\/ibbg.ch\/wp-content\/uploads\/2025\/04\/PELZ1detailnm.jpg 356w\" sizes=\"(max-width: 640px) 100vw, 300px\" \/><\/span><\/div><\/div><\/div><div class=\"fusion-layout-column fusion_builder_column_inner fusion-builder-nested-column-5 fusion_builder_column_inner_3_5 3_5 fusion-flex-column\" style=\"--awb-bg-size:cover;--awb-width-large:60%;--awb-margin-top-large:0px;--awb-spacing-right-large:3.2%;--awb-margin-bottom-large:20px;--awb-spacing-left-large:3.2%;--awb-width-medium:60%;--awb-order-medium:0;--awb-spacing-right-medium:3.2%;--awb-spacing-left-medium:3.2%;--awb-width-small:100%;--awb-order-small:0;--awb-spacing-right-small:1.92%;--awb-spacing-left-small:1.92%;\"><div class=\"fusion-column-wrapper fusion-column-has-shadow fusion-flex-justify-content-flex-start fusion-content-layout-column\"><div class=\"fusion-text fusion-text-4\"><p><strong>V\u00eatements en fourrure<br \/>\n<\/strong>Les cr\u00e9ateurs de v\u00eatements sp\u00e9cialis\u00e9s dans les v\u00eatements en fourrure fabriquent des v\u00eatements en fourrure, parfois combin\u00e9s avec du cuir et d&rsquo;autres mat\u00e9riaux. Les cr\u00e9ateurs de v\u00eatements sp\u00e9cialis\u00e9s dans la fourrure et la couture de fourrure forment une \u00e9quipe dont les travaux sont compl\u00e9mentaires. Dans l&rsquo;atelier de fourrure, ils transforment diff\u00e9rents types de fourrures, notamment en v\u00eatements tels que manteaux, bonnets, capes, vestes ou doublures. Pour ce faire, les fourreurs cousent ensemble les peaux qu&rsquo;ils ont d\u00e9coup\u00e9es, agraf\u00e9es et coll\u00e9es \u00e0 l&rsquo;aide d&rsquo;une machine \u00e0 coudre sp\u00e9ciale pour fourrures. Ils font attention aux motifs, \u00e0 l&rsquo;orientation des poils et aux nuances de couleur de la fourrure afin que tout s&rsquo;accorde et soit harmonieux. Outre le travail sur mesure, ils effectuent des modifications et des r\u00e9parations.<\/p>\n<\/div><\/div><\/div><div class=\"fusion-layout-column fusion_builder_column_inner fusion-builder-nested-column-6 fusion_builder_column_inner_2_5 2_5 fusion-flex-column\" style=\"--awb-bg-size:cover;--awb-width-large:40%;--awb-margin-top-large:0px;--awb-spacing-right-large:4.8%;--awb-margin-bottom-large:20px;--awb-spacing-left-large:4.8%;--awb-width-medium:40%;--awb-order-medium:0;--awb-spacing-right-medium:4.8%;--awb-spacing-left-medium:4.8%;--awb-width-small:100%;--awb-order-small:0;--awb-spacing-right-small:1.92%;--awb-spacing-left-small:1.92%;\"><div class=\"fusion-column-wrapper fusion-column-has-shadow fusion-flex-justify-content-flex-start fusion-content-layout-column\"><div class=\"fusion-image-element \" style=\"text-align:center;--awb-max-width:320px;--awb-caption-title-font-family:var(--h2_typography-font-family);--awb-caption-title-font-weight:var(--h2_typography-font-weight);--awb-caption-title-font-style:var(--h2_typography-font-style);--awb-caption-title-size:var(--h2_typography-font-size);--awb-caption-title-transform:var(--h2_typography-text-transform);--awb-caption-title-line-height:var(--h2_typography-line-height);--awb-caption-title-letter-spacing:var(--h2_typography-letter-spacing);\"><span class=\" fusion-imageframe imageframe-none imageframe-4 hover-type-none\"><img decoding=\"async\" width=\"300\" height=\"300\" alt=\"Pile de chapeaux\" title=\"HUTstapel\" src=\"https:\/\/ibbg.ch\/wp-content\/uploads\/2025\/04\/HUTstapel-300x300.jpg\" class=\"img-responsive wp-image-713\" srcset=\"https:\/\/ibbg.ch\/wp-content\/uploads\/2025\/04\/HUTstapel-200x200.jpg 200w, https:\/\/ibbg.ch\/wp-content\/uploads\/2025\/04\/HUTstapel.jpg 356w\" sizes=\"(max-width: 640px) 100vw, 300px\" \/><\/span><\/div><\/div><\/div><div class=\"fusion-layout-column fusion_builder_column_inner fusion-builder-nested-column-7 fusion_builder_column_inner_3_5 3_5 fusion-flex-column\" style=\"--awb-bg-size:cover;--awb-width-large:60%;--awb-margin-top-large:0px;--awb-spacing-right-large:3.2%;--awb-margin-bottom-large:20px;--awb-spacing-left-large:3.2%;--awb-width-medium:60%;--awb-order-medium:0;--awb-spacing-right-medium:3.2%;--awb-spacing-left-medium:3.2%;--awb-width-small:100%;--awb-order-small:0;--awb-spacing-right-small:1.92%;--awb-spacing-left-small:1.92%;\"><div class=\"fusion-column-wrapper fusion-column-has-shadow fusion-flex-justify-content-flex-start fusion-content-layout-column\"><div class=\"fusion-text fusion-text-5\"><p><strong>Couvre-chefs<br \/>\n<\/strong>En \u00e9t\u00e9, les cr\u00e9ateurs de v\u00eatements sp\u00e9cialis\u00e9s dans les couvre-chefs travaillent diff\u00e9rents types de paille, de tissus l\u00e9gers, de rubans color\u00e9s et de fleurs pour cr\u00e9er des couvre-chefs \u00e0 la mode ou sportifs. En hiver, les feutres sont \u00e9tir\u00e9s \u00e0 la vapeur sur des moules en bois. Ils utilisent \u00e9galement la fourrure, le cuir et d&rsquo;autres mati\u00e8res chaudes pour cr\u00e9er des chapeaux et des casquettes \u00e9l\u00e9gants. Selon le mod\u00e8le, ils ajoutent des voiles, du tulle, des plumes, des broches et des barrettes \u00e0 bijoux et autres garnitures. Ils cousent, repassent, fa\u00e7onnent, d\u00e9corent et sont toujours au courant des nouvelles tendances de la mode. Ils travaillent soit dans une chapellerie avec atelier, soit dans une entreprise de fabrication de chapeaux.<\/p>\n<\/div><\/div><\/div><div class=\"fusion-layout-column fusion_builder_column_inner fusion-builder-nested-column-8 fusion_builder_column_inner_2_5 2_5 fusion-flex-column\" style=\"--awb-bg-size:cover;--awb-width-large:40%;--awb-margin-top-large:0px;--awb-spacing-right-large:4.8%;--awb-margin-bottom-large:20px;--awb-spacing-left-large:4.8%;--awb-width-medium:40%;--awb-order-medium:0;--awb-spacing-right-medium:4.8%;--awb-spacing-left-medium:4.8%;--awb-width-small:100%;--awb-order-small:0;--awb-spacing-right-small:1.92%;--awb-spacing-left-small:1.92%;\"><div class=\"fusion-column-wrapper fusion-column-has-shadow fusion-flex-justify-content-flex-start fusion-content-layout-column\"><div class=\"fusion-image-element \" style=\"text-align:center;--awb-max-width:320px;--awb-caption-title-font-family:var(--h2_typography-font-family);--awb-caption-title-font-weight:var(--h2_typography-font-weight);--awb-caption-title-font-style:var(--h2_typography-font-style);--awb-caption-title-size:var(--h2_typography-font-size);--awb-caption-title-transform:var(--h2_typography-text-transform);--awb-caption-title-line-height:var(--h2_typography-line-height);--awb-caption-title-letter-spacing:var(--h2_typography-letter-spacing);\"><span class=\" fusion-imageframe imageframe-none imageframe-5 hover-type-none\"><img decoding=\"async\" width=\"300\" height=\"300\" alt=\"V\u00eatements de travail et de protection\" title=\"Beruf_SchutzDetail\" src=\"https:\/\/ibbg.ch\/wp-content\/uploads\/2025\/04\/Beruf_SchutzDetail-300x300.jpg\" class=\"img-responsive wp-image-719\" srcset=\"https:\/\/ibbg.ch\/wp-content\/uploads\/2025\/04\/Beruf_SchutzDetail-200x200.jpg 200w, https:\/\/ibbg.ch\/wp-content\/uploads\/2025\/04\/Beruf_SchutzDetail.jpg 356w\" sizes=\"(max-width: 640px) 100vw, 300px\" \/><\/span><\/div><\/div><\/div><div class=\"fusion-layout-column fusion_builder_column_inner fusion-builder-nested-column-9 fusion_builder_column_inner_3_5 3_5 fusion-flex-column\" style=\"--awb-bg-size:cover;--awb-width-large:60%;--awb-margin-top-large:0px;--awb-spacing-right-large:3.2%;--awb-margin-bottom-large:20px;--awb-spacing-left-large:3.2%;--awb-width-medium:60%;--awb-order-medium:0;--awb-spacing-right-medium:3.2%;--awb-spacing-left-medium:3.2%;--awb-width-small:100%;--awb-order-small:0;--awb-spacing-right-small:1.92%;--awb-spacing-left-small:1.92%;\"><div class=\"fusion-column-wrapper fusion-column-has-shadow fusion-flex-justify-content-flex-start fusion-content-layout-column\"><div class=\"fusion-text fusion-text-6\"><p><strong>Sp\u00e9cialisation dans les v\u00eatements de travail et de protection<br \/>\n<\/strong>Les cr\u00e9ateurs de v\u00eatements sp\u00e9cialis\u00e9s dans les v\u00eatements de travail et de protection con\u00e7oivent et fabriquent des v\u00eatements de travail et de protection fonctionnels selon les mod\u00e8les et les souhaits individuels des clients. Ils ex\u00e9cutent la commande du d\u00e9but jusqu&rsquo;\u00e0 la pi\u00e8ce unique finie. Dans le domaine des v\u00eatements professionnels et de protection, les cr\u00e9ateurs de v\u00eatements cousent des vestes, des pantalons, des casquettes et autres.  <\/p>\n<p>Ils fabriquent les v\u00eatements de A \u00e0 Z : ils cr\u00e9ent le patron, calculent les besoins en tissu, coupent, cousent et agrafent \u00e0 la main et \u00e0 la machine. Entre-temps, il y a des essayages ; des modifications sont \u00e9ventuellement apport\u00e9es afin que le client obtienne un v\u00eatement fonctionnel et adapt\u00e9 \u00e0 son poste de travail.<\/p>\n<\/div><\/div><\/div><\/div><\/div><\/div><\/div><\/div>\n","protected":false},"excerpt":{"rendered":"","protected":false},"author":1,"featured_media":0,"parent":0,"menu_order":0,"comment_status":"closed","ping_status":"closed","template":"100-width.php","meta":{"footnotes":""},"class_list":["post-372","page","type-page","status-publish","hentry"],"_links":{"self":[{"href":"https:\/\/ibbg.ch\/fr\/wp-json\/wp\/v2\/pages\/372","targetHints":{"allow":["GET"]}}],"collection":[{"href":"https:\/\/ibbg.ch\/fr\/wp-json\/wp\/v2\/pages"}],"about":[{"href":"https:\/\/ibbg.ch\/fr\/wp-json\/wp\/v2\/types\/page"}],"author":[{"embeddable":true,"href":"https:\/\/ibbg.ch\/fr\/wp-json\/wp\/v2\/users\/1"}],"replies":[{"embeddable":true,"href":"https:\/\/ibbg.ch\/fr\/wp-json\/wp\/v2\/comments?post=372"}],"version-history":[{"count":4,"href":"https:\/\/ibbg.ch\/fr\/wp-json\/wp\/v2\/pages\/372\/revisions"}],"predecessor-version":[{"id":730,"href":"https:\/\/ibbg.ch\/fr\/wp-json\/wp\/v2\/pages\/372\/revisions\/730"}],"wp:attachment":[{"href":"https:\/\/ibbg.ch\/fr\/wp-json\/wp\/v2\/media?parent=372"}],"curies":[{"name":"wp","href":"https:\/\/api.w.org\/{rel}","templated":true}]}}