{"id":18,"date":"2025-02-10T11:48:41","date_gmt":"2025-02-10T11:48:41","guid":{"rendered":"https:\/\/ibbg.ch.hira.ch-meta.net\/lancement\/"},"modified":"2025-07-14T14:23:19","modified_gmt":"2025-07-14T14:23:19","slug":"lancement","status":"publish","type":"page","link":"https:\/\/ibbg.ch\/fr\/","title":{"rendered":"Lancement"},"content":{"rendered":"<div class=\"fusion-fullwidth fullwidth-box fusion-builder-row-1 fusion-flex-container has-pattern-background has-mask-background hundred-percent-fullwidth non-hundred-percent-height-scrolling\" style=\"--link_color: var(--awb-custom_color_1);--awb-border-radius-top-left:0px;--awb-border-radius-top-right:0px;--awb-border-radius-bottom-right:0px;--awb-border-radius-bottom-left:0px;--awb-padding-right:5%;--awb-padding-left:5%;--awb-flex-wrap:wrap;\" ><div class=\"fusion-builder-row fusion-row fusion-flex-align-items-center fusion-flex-content-wrap\" style=\"width:104% !important;max-width:104% !important;margin-left: calc(-4% \/ 2 );margin-right: calc(-4% \/ 2 );\"><div class=\"fusion-layout-column fusion_builder_column fusion-builder-column-0 fusion-flex-column\" style=\"--awb-bg-size:cover;--awb-width-large:100%;--awb-margin-top-large:0px;--awb-spacing-right-large:1.92%;--awb-margin-bottom-large:20px;--awb-spacing-left-large:1.92%;--awb-width-medium:100%;--awb-order-medium:0;--awb-spacing-right-medium:1.92%;--awb-spacing-left-medium:1.92%;--awb-width-small:100%;--awb-order-small:0;--awb-spacing-right-small:1.92%;--awb-spacing-left-small:1.92%;\" data-scroll-devices=\"small-visibility,medium-visibility,large-visibility\"><div class=\"fusion-column-wrapper fusion-column-has-shadow fusion-flex-justify-content-flex-start fusion-content-layout-column\"><div class=\"fusion-title title fusion-title-1 fusion-sep-none fusion-title-text fusion-title-size-one\" style=\"--awb-margin-top-small:10px;--awb-margin-right-small:0px;--awb-margin-bottom-small:10px;--awb-margin-left-small:0px;\"><h1 class=\"fusion-title-heading title-heading-left\" style=\"margin:0;\"><p>IBBG &#8211; Communaut\u00e9 d&rsquo;int\u00e9r\u00eats<br \/>\nformation professionnelle cr\u00e9atrice\/cr\u00e9ateur de v\u00eatements<\/p><\/h1><\/div><\/div><\/div><div class=\"fusion-layout-column fusion_builder_column fusion-builder-column-1 fusion-flex-column\" style=\"--awb-bg-size:cover;--awb-width-large:80%;--awb-margin-top-large:0px;--awb-spacing-right-large:2.4%;--awb-margin-bottom-large:20px;--awb-spacing-left-large:2.4%;--awb-width-medium:80%;--awb-order-medium:0;--awb-spacing-right-medium:2.4%;--awb-spacing-left-medium:2.4%;--awb-width-small:100%;--awb-order-small:0;--awb-spacing-right-small:1.92%;--awb-spacing-left-small:1.92%;\" data-scroll-devices=\"small-visibility,medium-visibility,large-visibility\"><div class=\"fusion-column-wrapper fusion-column-has-shadow fusion-flex-justify-content-flex-start fusion-content-layout-column\"><div class=\"fusion-text fusion-text-1\"><p>Les entreprises de formation et les \u00e9coles sp\u00e9cialis\u00e9es peuvent commander les documents de la proc\u00e9dure de qualification des ann\u00e9es pr\u00e9c\u00e9dentes aupr\u00e8s du secr\u00e9tariat de l&rsquo;IBBG \u00e0 des fins d&rsquo;exercice.<\/p>\n<p>L&rsquo;IBBG est l&rsquo;organe responsable des ordonnances de formation pour les cr\u00e9atrices de v\u00eatements CFC et les cr\u00e9ateurs de v\u00eatements CFC ainsi que pour les couturi\u00e8res de v\u00eatements AFP et les couturiers de v\u00eatements AFP. Vous y trouverez toutes les informations n\u00e9cessaires sur les professions et l&rsquo;organisation comp\u00e9tente du monde du travail.<\/p>\n<\/div><div ><a class=\"fusion-button button-3d fusion-button-default-size button-default fusion-button-default button-1 fusion-button-default-span \" style=\"--button_typography-font-family:-apple-system, BlinkMacSystemFont, &#039;Segoe UI&#039;, Roboto, Oxygen-Sans, Ubuntu, Cantarell, &#039;Helvetica Neue&#039; ,sans-serif;--button_typography-font-style:normal;--button_typography-font-weight:400;\" target=\"lightbox\" rel=\"iLightbox\" href=\"https:\/\/ibbg.ch\/wp-content\/uploads\/2025\/04\/Karte-Lernende-F.png\"><i class=\"fa-info-circle fas awb-button__icon awb-button__icon--default button-icon-left\" aria-hidden=\"true\"><\/i><span class=\"fusion-button-text awb-button__text awb-button__text--default\">Places d&rsquo;apprentissage en Suisse<\/span><\/a><\/div><\/div><\/div><div class=\"fusion-layout-column fusion_builder_column fusion-builder-column-2 fusion-flex-column\" style=\"--awb-bg-size:cover;--awb-width-large:20%;--awb-margin-top-large:0px;--awb-spacing-right-large:9.6%;--awb-margin-bottom-large:20px;--awb-spacing-left-large:9.6%;--awb-width-medium:20%;--awb-order-medium:0;--awb-spacing-right-medium:9.6%;--awb-spacing-left-medium:9.6%;--awb-width-small:100%;--awb-order-small:0;--awb-spacing-right-small:1.92%;--awb-spacing-left-small:1.92%;\" data-scroll-devices=\"small-visibility,medium-visibility,large-visibility\"><div class=\"fusion-column-wrapper fusion-column-has-shadow fusion-flex-justify-content-flex-start fusion-content-layout-column\"><div class=\"fusion-title title fusion-title-2 fusion-sep-none fusion-title-text fusion-title-size-one\" style=\"--awb-margin-top-small:10px;--awb-margin-right-small:0px;--awb-margin-bottom-small:10px;--awb-margin-left-small:0px;\"><h1 class=\"fusion-title-heading title-heading-left\" style=\"margin:0;\"><h2>Contact<\/h2><\/h1><\/div><div class=\"fusion-text fusion-text-2\"><p>Vous pouvez joindre notre secr\u00e9tariat \u00e0 l&rsquo;adresse suivante :<br \/>\nT\u00e9l. : 062 311 83 62 ou<br \/>\n<a href=\"mailto:sekretariat@ibbg.ch?subject=Kontakt%20ab%20Website%20ibbg.ch\">sekretariat@ibbg.ch<\/a> ou via le formulaire de contact<\/p>\n<p><strong>Heures d&rsquo;ouverture :<\/strong><br \/>\nJoignable par t\u00e9l\u00e9phone le<br \/>\nLundi &amp; jeudi<br \/>\n9:00 &#8211; 12:00 \/ 14:00 &#8211; 17:00<\/p>\n<p>Mardi &amp; mercredi<br \/>\n14:00 &#8211; 17:00<\/p>\n<\/div><\/div><\/div><\/div><\/div>\n","protected":false},"excerpt":{"rendered":"","protected":false},"author":1,"featured_media":0,"parent":0,"menu_order":0,"comment_status":"closed","ping_status":"closed","template":"100-width.php","meta":{"footnotes":""},"class_list":["post-18","page","type-page","status-publish","hentry"],"_links":{"self":[{"href":"https:\/\/ibbg.ch\/fr\/wp-json\/wp\/v2\/pages\/18","targetHints":{"allow":["GET"]}}],"collection":[{"href":"https:\/\/ibbg.ch\/fr\/wp-json\/wp\/v2\/pages"}],"about":[{"href":"https:\/\/ibbg.ch\/fr\/wp-json\/wp\/v2\/types\/page"}],"author":[{"embeddable":true,"href":"https:\/\/ibbg.ch\/fr\/wp-json\/wp\/v2\/users\/1"}],"replies":[{"embeddable":true,"href":"https:\/\/ibbg.ch\/fr\/wp-json\/wp\/v2\/comments?post=18"}],"version-history":[{"count":20,"href":"https:\/\/ibbg.ch\/fr\/wp-json\/wp\/v2\/pages\/18\/revisions"}],"predecessor-version":[{"id":1519,"href":"https:\/\/ibbg.ch\/fr\/wp-json\/wp\/v2\/pages\/18\/revisions\/1519"}],"wp:attachment":[{"href":"https:\/\/ibbg.ch\/fr\/wp-json\/wp\/v2\/media?parent=18"}],"curies":[{"name":"wp","href":"https:\/\/api.w.org\/{rel}","templated":true}]}}