{"id":121,"date":"2025-03-13T14:06:47","date_gmt":"2025-03-13T14:06:47","guid":{"rendered":"https:\/\/ibbg.ch.hira.ch-meta.net\/actualites\/evenements\/"},"modified":"2026-03-25T16:37:16","modified_gmt":"2026-03-25T16:37:16","slug":"evenements","status":"publish","type":"page","link":"https:\/\/ibbg.ch\/fr\/actualites\/evenements\/","title":{"rendered":"\u00c9v\u00e9nements"},"content":{"rendered":"<p><div class=\"fusion-fullwidth fullwidth-box fusion-builder-row-1 fusion-flex-container has-pattern-background has-mask-background hundred-percent-fullwidth non-hundred-percent-height-scrolling\" style=\"--link_color: var(--awb-custom_color_1);--awb-border-radius-top-left:0px;--awb-border-radius-top-right:0px;--awb-border-radius-bottom-right:0px;--awb-border-radius-bottom-left:0px;--awb-padding-right:5%;--awb-padding-left:5%;--awb-flex-wrap:wrap;\" ><div class=\"fusion-builder-row fusion-row fusion-flex-align-items-center fusion-flex-content-wrap\" style=\"width:104% !important;max-width:104% !important;margin-left: calc(-4% \/ 2 );margin-right: calc(-4% \/ 2 );\"><div class=\"fusion-layout-column fusion_builder_column fusion-builder-column-0 fusion_builder_column_1_1 1_1 fusion-flex-column\" style=\"--awb-bg-size:cover;--awb-width-large:100%;--awb-margin-top-large:0px;--awb-spacing-right-large:1.92%;--awb-margin-bottom-large:20px;--awb-spacing-left-large:1.92%;--awb-width-medium:100%;--awb-order-medium:0;--awb-spacing-right-medium:1.92%;--awb-spacing-left-medium:1.92%;--awb-width-small:100%;--awb-order-small:0;--awb-spacing-right-small:1.92%;--awb-spacing-left-small:1.92%;\"><div class=\"fusion-column-wrapper fusion-column-has-shadow fusion-flex-justify-content-flex-start fusion-content-layout-column\"><div class=\"fusion-title title fusion-title-1 fusion-sep-none fusion-title-text fusion-title-size-one\" style=\"--awb-margin-top-small:10px;--awb-margin-right-small:0px;--awb-margin-bottom-small:10px;--awb-margin-left-small:0px;\"><h1 class=\"fusion-title-heading title-heading-left\" style=\"margin:0;\"><h1>\u00c9v\u00e9nements actuels<\/h1><\/h1><\/div><\/div><\/div><div class=\"fusion-layout-column fusion_builder_column fusion-builder-column-1 fusion_builder_column_1_3 1_3 fusion-flex-column\" style=\"--awb-bg-size:cover;--awb-width-large:33.333333333333%;--awb-margin-top-large:0px;--awb-spacing-right-large:5.76%;--awb-margin-bottom-large:20px;--awb-spacing-left-large:5.76%;--awb-width-medium:33.333333333333%;--awb-order-medium:0;--awb-spacing-right-medium:5.76%;--awb-spacing-left-medium:5.76%;--awb-width-small:100%;--awb-order-small:0;--awb-spacing-right-small:1.92%;--awb-spacing-left-small:1.92%;\"><div class=\"fusion-column-wrapper fusion-column-has-shadow fusion-flex-justify-content-flex-start fusion-content-layout-column\"><\/div><\/div><div class=\"fusion-layout-column fusion_builder_column fusion-builder-column-2 fusion_builder_column_2_3 2_3 fusion-flex-column\" style=\"--awb-bg-size:cover;--awb-width-large:66.666666666667%;--awb-margin-top-large:0px;--awb-spacing-right-large:2.88%;--awb-margin-bottom-large:20px;--awb-spacing-left-large:2.88%;--awb-width-medium:66.666666666667%;--awb-order-medium:0;--awb-spacing-right-medium:2.88%;--awb-spacing-left-medium:2.88%;--awb-width-small:100%;--awb-order-small:0;--awb-spacing-right-small:1.92%;--awb-spacing-left-small:1.92%;\"><div class=\"fusion-column-wrapper fusion-column-has-shadow fusion-flex-justify-content-flex-start fusion-content-layout-column\"><\/div><\/div><\/div><\/div><div class=\"fusion-fullwidth fullwidth-box fusion-builder-row-2 fusion-flex-container has-pattern-background has-mask-background hundred-percent-fullwidth non-hundred-percent-height-scrolling\" style=\"--link_color: var(--awb-custom_color_1);--awb-border-radius-top-left:0px;--awb-border-radius-top-right:0px;--awb-border-radius-bottom-right:0px;--awb-border-radius-bottom-left:0px;--awb-padding-right:5%;--awb-padding-left:5%;--awb-flex-wrap:wrap;\" ><div class=\"fusion-builder-row fusion-row fusion-flex-align-items-center fusion-flex-content-wrap\" style=\"width:104% !important;max-width:104% !important;margin-left: calc(-4% \/ 2 );margin-right: calc(-4% \/ 2 );\"><div class=\"fusion-layout-column fusion_builder_column fusion-builder-column-3 fusion_builder_column_1_1 1_1 fusion-flex-column\" style=\"--awb-bg-size:cover;--awb-width-large:100%;--awb-margin-top-large:0px;--awb-spacing-right-large:1.92%;--awb-margin-bottom-large:20px;--awb-spacing-left-large:1.92%;--awb-width-medium:100%;--awb-order-medium:0;--awb-spacing-right-medium:1.92%;--awb-spacing-left-medium:1.92%;--awb-width-small:100%;--awb-order-small:0;--awb-spacing-right-small:1.92%;--awb-spacing-left-small:1.92%;\"><div class=\"fusion-column-wrapper fusion-column-has-shadow fusion-flex-justify-content-flex-start fusion-content-layout-column\"><div class=\"fusion-separator\" style=\"align-self: center;margin-left: auto;margin-right: auto;margin-top:40px;margin-bottom:40px;width:100%;max-width:95%;\"><div class=\"fusion-separator-border sep-single sep-solid\" style=\"--awb-height:20px;--awb-amount:20px;--awb-sep-color:var(--awb-custom_color_1);border-color:var(--awb-custom_color_1);border-top-width:2px;\"><\/div><\/div><div class=\"fusion-text fusion-text-1\"><p><strong>(cours CIE5 F\/D) &#8211; Cours de formation continue CIE5 Couture<\/strong><\/p>\n<p>Cours de 3 jours \u00e0 Fribourg<\/p>\n<p><strong>16 &#8211; 18 avril 2026<\/strong><\/p>\n<p>Le cours s\u2019adresse \u00e0 tous les formateurs\/trices pratique, responsables d\u2019atelier, ma\u00eetres<br \/>\nd\u2019apprentisage et tous les cr\u00e9ateurs\/trices des v\u00eatements int\u00e9r\u00e9sses.<\/p>\n<p><strong>CONTENU :<\/strong> Cours interentreprises 5 COUTURE<a href=\"https:\/\/ibbg.ch\/wp-content\/uploads\/2025\/09\/CFC_CIE5_Couture_2026.pdf\">(T\u00e9l\u00e9charger le PDF<\/a>)<\/p>\n<p><strong>Travaux partiels<br \/>\n<\/strong><\/p>\n<ul>\n<li>Ex\u00e9cution CUIR<\/li>\n<li>Ex\u00e9cution DOUBLEFACE<\/li>\n<li>Ex\u00e9cution PAILLETTES<\/li>\n<li>Ex\u00e9cution VELOURS<\/li>\n<li>Ex\u00e9cution GUIPURE<\/li>\n<\/ul>\n<p><strong>INTERVENANTE :<\/strong><br \/>\nMarianne Rothenb\u00fchler<\/p>\n<p><strong>FRAIS DU COURS :<\/strong><br \/>\nCHF 540.00<br \/>\nCHF 230.00 Mat\u00e9riel \/ support de cours<\/p>\n<p><strong>LIEU :<\/strong><br \/>\nEcole de Couture Fribourg<br \/>\nDerri\u00e8re-les-Remparts 5<br \/>\n1700 Fribourg<a href=\"https:\/\/maps.app.goo.gl\/RU8Yaezw5H1ytSLT9\" target=\"_blank\" rel=\"noopener\">(Google Maps<\/a>)<\/p>\n<p><strong>INSCRIPTION :<\/strong><br \/>\n<span style=\"color: #ff0000;\"><b>Le cours est complet.<\/b><\/span><\/p>\n<p><strong>ATTENTION :<\/strong> ce cours n&rsquo;est dispens\u00e9 qu&rsquo;en allemand &amp; en fran\u00e7ais !<br \/>\n<strong><br \/>\n<\/strong><\/p>\n<\/div><\/div><\/div><\/div><\/div><\/p>\n","protected":false},"excerpt":{"rendered":"","protected":false},"author":1,"featured_media":0,"parent":112,"menu_order":0,"comment_status":"closed","ping_status":"closed","template":"100-width.php","meta":{"footnotes":""},"class_list":["post-121","page","type-page","status-publish","hentry"],"_links":{"self":[{"href":"https:\/\/ibbg.ch\/fr\/wp-json\/wp\/v2\/pages\/121","targetHints":{"allow":["GET"]}}],"collection":[{"href":"https:\/\/ibbg.ch\/fr\/wp-json\/wp\/v2\/pages"}],"about":[{"href":"https:\/\/ibbg.ch\/fr\/wp-json\/wp\/v2\/types\/page"}],"author":[{"embeddable":true,"href":"https:\/\/ibbg.ch\/fr\/wp-json\/wp\/v2\/users\/1"}],"replies":[{"embeddable":true,"href":"https:\/\/ibbg.ch\/fr\/wp-json\/wp\/v2\/comments?post=121"}],"version-history":[{"count":16,"href":"https:\/\/ibbg.ch\/fr\/wp-json\/wp\/v2\/pages\/121\/revisions"}],"predecessor-version":[{"id":2058,"href":"https:\/\/ibbg.ch\/fr\/wp-json\/wp\/v2\/pages\/121\/revisions\/2058"}],"up":[{"embeddable":true,"href":"https:\/\/ibbg.ch\/fr\/wp-json\/wp\/v2\/pages\/112"}],"wp:attachment":[{"href":"https:\/\/ibbg.ch\/fr\/wp-json\/wp\/v2\/media?parent=121"}],"curies":[{"name":"wp","href":"https:\/\/api.w.org\/{rel}","templated":true}]}}